{"id":242,"date":"2022-06-15T18:33:18","date_gmt":"2022-06-15T16:33:18","guid":{"rendered":"https:\/\/shop.outerringmmo.com\/?page_id=242"},"modified":"2022-12-22T09:47:02","modified_gmt":"2022-12-22T08:47:02","slug":"aviso-legal","status":"publish","type":"page","link":"https:\/\/shop.outerringmmo.com\/es\/aviso-legal\/","title":{"rendered":"Aviso legal"},"content":{"rendered":"\t\t<div data-elementor-type=\"wp-page\" data-elementor-id=\"242\" class=\"elementor elementor-242 elementor-60\" data-elementor-post-type=\"page\">\n\t\t\t\t\t\t<section class=\"elementor-section elementor-top-section elementor-element elementor-element-c73472d elementor-section-boxed elementor-section-height-default elementor-section-height-default\" data-id=\"c73472d\" data-element_type=\"section\">\n\t\t\t\t\t\t<div class=\"elementor-container elementor-column-gap-default\">\n\t\t\t\t\t<div class=\"elementor-column elementor-col-100 elementor-top-column elementor-element elementor-element-fe16098\" data-id=\"fe16098\" data-element_type=\"column\">\n\t\t\t<div class=\"elementor-widget-wrap elementor-element-populated\">\n\t\t\t\t\t\t<div class=\"elementor-element elementor-element-38dc320 elementor-widget elementor-widget-woocommerce-breadcrumb\" data-id=\"38dc320\" data-element_type=\"widget\" data-widget_type=\"woocommerce-breadcrumb.default\">\n\t\t\t\t<div class=\"elementor-widget-container\">\n\t\t\t\t\t<nav class=\"woocommerce-breadcrumb\" aria-label=\"Breadcrumb\">Inicio<\/nav>\t\t\t\t<\/div>\n\t\t\t\t<\/div>\n\t\t\t\t<div class=\"elementor-element elementor-element-b91c34f elementor-widget elementor-widget-heading\" data-id=\"b91c34f\" data-element_type=\"widget\" data-widget_type=\"heading.default\">\n\t\t\t\t<div class=\"elementor-widget-container\">\n\t\t\t\t\t<h1 class=\"elementor-heading-title elementor-size-default\">Aviso legal<\/h1>\t\t\t\t<\/div>\n\t\t\t\t<\/div>\n\t\t\t\t<div class=\"elementor-element elementor-element-6424f5c elementor-widget elementor-widget-text-editor\" data-id=\"6424f5c\" data-element_type=\"widget\" data-widget_type=\"text-editor.default\">\n\t\t\t\t<div class=\"elementor-widget-container\">\n\t\t\t\t\t\t\t\t\t<p>Le damos la bienvenida a nuestra web y le agradecemos su inter\u00e9s por leer las condiciones legales de nuestra web. Somos conscientes de que este tema puede no ser su preferido, pero es importante que conozca toda la informaci\u00f3n relativa a los t\u00e9rminos y condiciones legales que definen las relaciones entre los usuarios y nuestra empresa, como responsable de esta web. Como usuario es importante que conozca estos t\u00e9rminos antes de continuar su navegaci\u00f3n.<\/p><p>Como responsables de esta web, nos comprometemos a procesar la informaci\u00f3n de los usuarios con plenas garant\u00edas y cumplir con los requisitos nacionales y europeos que regulan la recopilaci\u00f3n y uso de los datos personales.<\/p><p>Esta web, por tanto, cumple rigurosamente con el Reglamento (UE) 2016\/679 del Parlamento Europeo y del Consejo de 27 de abril de 2016 relativo a la protecci\u00f3n de las personas f\u00edsicas (RGPD), la Ley Org\u00e1nica 3\/2018, de 5 de diciembre, de Protecci\u00f3n de Datos Personales y garant\u00eda de los derechos digitales, (LOPDGDD), as\u00ed como con la Ley 34\/2002, de 11 de julio, de Servicios de la Sociedad de la Informaci\u00f3n y Comercio Electr\u00f3nico (LSSICE \u00f3 LSSI).<\/p><p>En cumplimiento del art\u00edculo 10 de la Ley 34\/2002, de 11 de julio, de Servicios de la Sociedad de la Informaci\u00f3n y Comercio Electr\u00f3nico, a continuaci\u00f3n, se exponen los datos identificativos de los responsables:<\/p><p>Titular: <span style=\"font-weight: 400;\">Appdetransporte Urbano SL<\/span> (en adelante Outer Ring MMO)<br \/>NIF: B-71.379.507<br \/>Direcci\u00f3n: Pol. Berroa, 2. Of. 508. 31192 Tajonar. Navarra. Spain<br \/>Tel\u00e9fono: 948 498 358<br \/>e-mail: info@outerringmmo.com<br \/>Inscrita la sociedad en el Registro Mercantil de Navarra (K8801323)<\/p><ol><li><strong>Informaci\u00f3n sobre propiedad intelectual e industrial<\/strong><\/li><\/ol><p>Outer Ring MMO\u00a0es el titular en exclusiva de los Derechos de Explotaci\u00f3n del presente sitio web. Outer Ring MMO se reserva todos los derechos de propiedad intelectual e industrial derivados del presente site, siendo necesaria la autorizaci\u00f3n expresa y por escrito por parte Outer Ring MMO para cualquier ejercicio y uso de los mismos. La presente reserva de derechos alcanza tanto a la apariencia externa (\u201clook and feel\u201d) como a los contenidos que bajo cualquier formato puedan incluirse y distribuirse a trav\u00e9s de esta web, al propio c\u00f3digo, dise\u00f1o y estructura de navegaci\u00f3n del site.<\/p><p>Outer Ring MMO\u00a0podr\u00e1 realizar, en cualquier momento y sin necesidad de previo aviso, modificaciones y actualizaciones sobre la informaci\u00f3n contenida en su sitio web, o en su configuraci\u00f3n o presentaci\u00f3n. Outer Ring MMO realiza todos los esfuerzos posibles para que la informaci\u00f3n suministrada a trav\u00e9s de esta web sea clara, comprensible y adecuada, as\u00ed como para evitar errores en la medida de lo posible y, en su caso, repararlos o actualizarlos. Sin embargo, Outer Ring MMO no puede garantizar la inexistencia de errores ni que el contenido de la informaci\u00f3n se encuentre permanentemente actualizado.<\/p><p>Outer Ring MMO en ning\u00fan caso ser\u00e1 responsable del incumplimiento por parte de sus proveedores o colaboradores de los derechos de propiedad intelectual de los autores de las im\u00e1genes y fotograf\u00edas suministradas por aquellos, presuponi\u00e9ndose que los derechos de explotaci\u00f3n sobre las mismas han sido debidamente cedidos por sus titulares a los citados proveedores.<\/p><p><strong>\u00a0<\/strong><\/p><ol start=\"2\"><li><strong>Condiciones y t\u00e9rminos de registro y acceso al sitio web. <\/strong><\/li><\/ol><p>El sitio web y sus servicios son de acceso libre y gratuito.\u00a0<span style=\"font-size: 1rem;\">El usuario se compromete expresamente a hacer un uso adecuado de los contenidos y servicios de Outer Ring MMO y a no emplearlos para, entre otros:<\/span><\/p><ol style=\"padding-left: 40px;\" type=\"a\"><li>Difundir contenidos delictivos, violentos, pornogr\u00e1ficos, racistas, xen\u00f3fobos, ofensivos, de apolog\u00eda del terrorismo o, en general, contrarios a la ley o al orden p\u00fablico.<\/li><li>Introducir en la red virus inform\u00e1ticos o realizar actuaciones susceptibles de alterar, estropear, interrumpir o generar errores o da\u00f1os en los documentos electr\u00f3nicos, datos o sistemas f\u00edsicos y l\u00f3gicos de Outer Ring MMO\u00a0o de terceras personas; as\u00ed como obstaculizar el acceso de otros usuarios al sitio web y a sus servicios mediante el consumo masivo de los recursos inform\u00e1ticos a trav\u00e9s de los cuales Outer Ring MMO presta sus servicios.<\/li><li>Intentar acceder a las cuentas de correo electr\u00f3nico de otros usuarios o a \u00e1reas restringidas de los sistemas inform\u00e1ticos de Outer Ring MMO o de terceros y, en su caso, extraer informaci\u00f3n.<\/li><li>Vulnerar los derechos de propiedad intelectual o industrial, as\u00ed como violar la confidencialidad de la informaci\u00f3n de Outer Ring MMO o de terceros.<\/li><li>Suplantar la identidad de cualquier otro usuario.<\/li><li>Reproducir, copiar, distribuir, poner a disposici\u00f3n de, o cualquier otra forma de comunicaci\u00f3n p\u00fablica, transformar o modificar los contenidos, a menos que se cuente con la autorizaci\u00f3n del titular de los correspondientes derechos o ello resulte legalmente permitido.<\/li><li>Recabar datos con finalidad publicitaria y de remitir publicidad de cualquier clase y comunicaciones con fines de venta u otras de naturaleza comercial sin que medie su previa solicitud o consentimiento.<\/li><\/ol><p>Todos los contenidos del sitio web, como textos, fotograf\u00edas, gr\u00e1ficos, im\u00e1genes, iconos, tecnolog\u00eda, software, as\u00ed como su dise\u00f1o gr\u00e1fico y c\u00f3digos fuente, constituyen una obra cuya propiedad pertenece a Outer Ring MMO, sin que puedan entenderse cedidos al usuario ninguno de los derechos de explotaci\u00f3n sobre los mismos m\u00e1s all\u00e1 de lo estrictamente necesario para el correcto uso de la web.<\/p><p>En definitiva, los usuarios que accedan a este sitio web pueden visualizar los contenidos y efectuar, en su caso, copias privadas autorizadas siempre que los elementos reproducidos no sean cedidos posteriormente a terceros, ni se instalen a servidores conectados a redes, ni sean objeto de ning\u00fan tipo de explotaci\u00f3n.<\/p><p>Asimismo, todas las marcas, nombres comerciales o signos distintivos de cualquier clase que aparecen en el sitio web son propiedad de Outer Ring MMO, sin que pueda entenderse que el uso o acceso al mismo atribuya al usuario derecho alguno sobre los mismos.<\/p><p>La distribuci\u00f3n, modificaci\u00f3n, cesi\u00f3n o comunicaci\u00f3n p\u00fablica de los contenidos y cualquier otro acto que no haya sido expresamente autorizado por el titular de los derechos de explotaci\u00f3n quedan prohibidas.<\/p><p>Outer Ring MMO, no se responsabiliza del uso que cada usuario le d\u00e9 a los materiales puestos a disposici\u00f3n en este sitio web ni de las actuaciones que realice en base a los mismos.<\/p><p><strong>\u00a0<\/strong><\/p><ol start=\"3\"><li><strong>Objeto<\/strong><\/li><\/ol><p>https:\/\/shop.outerringmmo.com es la tienda oficial de Outer Ring MMO donde el usuario va a encontrar productos e informaci\u00f3n de diferente \u00edndole sobre la marca y comunicarse con los responsables afines a las inquietudes del visitante.<\/p><p><strong>\u00a0<\/strong><\/p><ol start=\"4\"><li><strong>Pol\u00edtica de protecci\u00f3n de datos personales<\/strong><\/li><\/ol><p>Puedes leer qu\u00e9 datos que recopilamos y c\u00f3mo tratamos los mismos y nuestra <a href=\"\/privacy-policy\/\"><span style=\"text-decoration: underline;\">pol\u00edtica de privacidad<\/span><\/a>.<\/p><p><strong>\u00a0<\/strong><\/p><ol start=\"5\"><li><strong>Vinculaci\u00f3n a otros sitios web<\/strong><\/li><\/ol><p>Se proh\u00edbe la presentaci\u00f3n de una p\u00e1gina del sitio web en una ventana de un sitio web que no pertenezca al titular de la web, mediante la t\u00e9cnica denominada \u00abframing\u00bb, a no ser que cuente con el expreso consentimiento del titular.<\/p><p>Se proh\u00edbe la inserci\u00f3n de cualquier tipo de contenido difundido a trav\u00e9s de web Outer Ring MMO, en otro sitio web distinto a aquel mediante la t\u00e9cnica denominada \u00abin line linking\u00bb, si ello, no cuenta con el expreso consentimiento del titular de la web.<\/p><p>Se autoriza el establecimiento de links de hipertexto (hiperv\u00ednculos) en otros sitios web, los cuales est\u00e9n dirigidos al home page web Outer Ring MMO, o en su caso, a cualquier otra p\u00e1gina interna (\u201cdeep link\u201d) del sitio web, siempre que las correspondientes p\u00e1ginas aparezcan en una ventana completa y bajo sus respectivas direcciones IP, asumiendo su total responsabilidad y riesgo aquel que proceda al establecer el hiperv\u00ednculo a web site.<\/p><p>El establecimiento de un hiperenlace no implica en ning\u00fan caso la existencia de relaciones entre Outer Ring MMO y el propietario del sitio web en la que se establezca, ni la aceptaci\u00f3n y aprobaci\u00f3n por parte de Outer Ring MMO. de sus contenidos o servicios.<\/p><p><strong>\u00a0<\/strong><\/p><ol start=\"6\"><li><strong>Responsabilidades <\/strong><\/li><\/ol><p>En el caso de que el usuario o cualquier otro usuario de Internet tuviera conocimiento de que en el sitio web exhibe contenidos o servicios il\u00edcitos, nocivos, denigrantes, violentos o contrarios a la moral o de que los sitios enlazados remiten a p\u00e1ginas con dicho contenido, deber\u00e1 ponerse en contacto con Outer Ring MMO en la direcci\u00f3n de correo electr\u00f3nico indicada en este aviso legal, identific\u00e1ndose de forma suficiente si fuese preciso y describiendo los hechos que considera il\u00edcitos o inadecuados. En el supuesto de violaci\u00f3n de derechos tales como los de propiedad intelectual e industrial, deber\u00e1 aportar tambi\u00e9n los datos personales del titular del derecho infringido, cuando sea persona distinta del comunicante. Asimismo, deber\u00e1 aportar el t\u00edtulo que acredite la legitimaci\u00f3n del titular de los derechos y, en su caso, el de representaci\u00f3n para actuar por cuenta del titular cuando sea persona distinta del comunicante, y declaraci\u00f3n expresa de que la informaci\u00f3n contenida en la reclamaci\u00f3n es exacta.<\/p><p>La recepci\u00f3n por parte de Outer Ring MMO de la comunicaci\u00f3n prevista en esta cl\u00e1usula no supondr\u00e1, seg\u00fan lo dispuesto en la LSSI, el conocimiento efectivo de las actividades y\/o contenidos indicados por el comunicante.<\/p><p>Outer Ring MMO no garantiza de ninguna forma la precisi\u00f3n, contenido, integridad, legalidad, fiabilidad, actualidad, veracidad, exactitud, funcionamiento o disponibilidad de los contenidos y servicios que ofrece, declinando cualquier responsabilidad sobre los mismos, as\u00ed como los perjuicios que en su caso puedan contemplar. La informaci\u00f3n que se ofrece tiene un car\u00e1cter meramente informativo y no es representativa de nada. Lo dicho anteriormente es extensible a los enlaces, contenidos y opiniones no pertenecientes al titular u no alojados en el presente sitio web, correspondiendo la responsabilidad en todo caso a los titulares de los contenidos y de los sitios en cuesti\u00f3n. As\u00ed mismo, Outer Ring MMO no se hace responsable del uso incorrecto que en su caso pudiera efectuarse de los contenidos ofrecidos, declinando toda responsabilidad al respecto.<\/p><p>Outer Ring MMO no se hace responsable directa o subsidiariamente de cuantas reclamaciones puedan derivarse de la calidad, fiabilidad, exactitud o correcci\u00f3n de los contenidos.<\/p><p><strong>\u00a0<\/strong><\/p><ol start=\"7\"><li><strong>Prestaci\u00f3n del servicio<\/strong><\/li><\/ol><p>Outer Ring MMO se reserva el derecho a modificar sus programas, as\u00ed como la sistematizaci\u00f3n de los datos suministrados y las caracter\u00edsticas t\u00e9cnicas de acceso y transmisi\u00f3n. Cuando dichos cambios no permitan un uso compatible con las versiones anteriores instaladas, Outer Ring MMO, lo comunicar\u00e1 a trav\u00e9s de su sitio web. Igualmente se reserva el derecho de interrumpir parcial o totalmente el servicio por cambios t\u00e9cnicos o aver\u00edas, comunic\u00e1ndolo previamente a trav\u00e9s de su sitio web si es posible o a trav\u00e9s de cualquier otro sitio habilitado al efecto.<\/p><p>Outer Ring MMO, velar\u00e1, en la medida de lo posible, por la seguridad inform\u00e1tica de los soportes t\u00e9cnicos usados por el usuario en su navegaci\u00f3n por las p\u00e1ginas del sitio web. Sin embargo, debido a que Internet no puede ser considerado un medio seguro, Outer Ring MMO, no puede garantizar la ausencia de virus u otros elementos lesivos, introducidos por terceros, que pudieran causar da\u00f1os o alteraciones en el sistema inform\u00e1tico, en los documentos electr\u00f3nicos o en los ficheros del usuario que visite este Sitio Web. En consecuencia, Outer Ring MMO, no responder\u00e1 por los da\u00f1os y perjuicios que tales elementos pudieran ocasionar al usuario o a terceros.<\/p><p>No es responsabilidad de Outer Ring MMO el sistema operativo que en este momento est\u00e9 implantado, ni las consecuencias que de un mal funcionamiento del mismo pudieran derivarse.<\/p><p>Outer Ring MMO, se reserva el derecho de efectuar sin previo aviso las modificaciones que considere oportunas en su sitio web, pudiendo cambiar, suprimir o a\u00f1adir tanto los contenidos y servicios que se presten a trav\u00e9s de la misma como la forma en la que \u00e9stos aparezcan presentados o localizados en su sitio web.<\/p><p><strong>\u00a0<\/strong><\/p><ol start=\"8\"><li><strong>Derechos de imagen y disclaimer<\/strong><\/li><\/ol><p>Outer Ring MMO, no se hace responsable de los contenidos, informaciones e im\u00e1genes que no dependan del Web site, ni sean gestionados por Outer Ring MMO, aunque aparezcan en el Web site en virtud de cualquier convenio firmado por Outer Ring MMO.<\/p><p><strong>\u00a0<\/strong><\/p><ol start=\"9\"><li><strong>Infracciones<\/strong><\/li><\/ol><p>Outer Ring MMO, perseguir\u00e1 el incumplimiento de las anteriores condiciones, as\u00ed como cualquier utilizaci\u00f3n prohibida e indebida de su sitio web ejerciendo todas las acciones civiles y penales que le puedan corresponder en derecho.<\/p><p><strong>\u00a0<\/strong><\/p><ol start=\"10\"><li><strong>Validez<\/strong><\/li><\/ol><p>En el caso de que alguna cl\u00e1usula o parte de la misma del presente aviso fuera declarada nula, dicha circunstancia no afectar\u00e1 a la validez del resto.<\/p><p><strong>\u00a0<\/strong><\/p><ol start=\"11\"><li><strong>Jurisdicci\u00f3n y fuero aplicable<\/strong><\/li><\/ol><p>La ley aplicable a cualquier controversia que se suscite con relaci\u00f3n al presente site y a los contenidos en \u00e9l ofrecidos, ser\u00e1 la ley espa\u00f1ola. Las partes acuerdan someterse a los Juzgados y Tribunales de la ciudad de Navarra con renuncia expresa a cualquier otro fuero que pudiera corresponderles.<\/p><p><em>\u00daltima actualizaci\u00f3n el 1 de octubre de 2022<\/em><\/p>\t\t\t\t\t\t\t\t<\/div>\n\t\t\t\t<\/div>\n\t\t\t\t\t<\/div>\n\t\t<\/div>\n\t\t\t\t\t<\/div>\n\t\t<\/section>\n\t\t\t\t<\/div>\n\t\t","protected":false},"excerpt":{"rendered":"<p>Le damos la bienvenida a nuestra web y le agradecemos su inter\u00e9s por leer las condiciones legales de nuestra web. Somos conscientes de que este tema puede no ser su preferido, pero es importante que conozca toda la informaci\u00f3n relativa a los t\u00e9rminos y condiciones legales que definen las relaciones entre los usuarios y nuestra [&hellip;]<\/p>\n","protected":false},"author":1,"featured_media":0,"parent":0,"menu_order":0,"comment_status":"closed","ping_status":"closed","template":"elementor_theme","meta":{"footnotes":""},"class_list":["post-242","page","type-page","status-publish","hentry"],"yoast_head":"<!-- This site is optimized with the Yoast SEO plugin v24.8.1 - https:\/\/yoast.com\/wordpress\/plugins\/seo\/ -->\n<title>Aviso legal - Outer Ring MMO Shop<\/title>\n<meta name=\"robots\" content=\"noindex, nofollow\" \/>\n<meta property=\"og:locale\" content=\"es_ES\" \/>\n<meta property=\"og:type\" content=\"article\" \/>\n<meta property=\"og:title\" content=\"Aviso legal - Outer Ring MMO Shop\" \/>\n<meta property=\"og:description\" content=\"Le damos la bienvenida a nuestra web y le agradecemos su inter\u00e9s por leer las condiciones legales de nuestra web. Somos conscientes de que este tema puede no ser su preferido, pero es importante que conozca toda la informaci\u00f3n relativa a los t\u00e9rminos y condiciones legales que definen las relaciones entre los usuarios y nuestra [&hellip;]\" \/>\n<meta property=\"og:url\" content=\"https:\/\/shop.outerringmmo.com\/es\/aviso-legal\/\" \/>\n<meta property=\"og:site_name\" content=\"Outer Ring MMO Shop\" \/>\n<meta property=\"article:modified_time\" content=\"2022-12-22T08:47:02+00:00\" \/>\n<meta name=\"twitter:card\" content=\"summary_large_image\" \/>\n<meta name=\"twitter:label1\" content=\"Tiempo de lectura\" \/>\n\t<meta name=\"twitter:data1\" content=\"11 minutos\" \/>\n<script type=\"application\/ld+json\" class=\"yoast-schema-graph\">{\"@context\":\"https:\/\/schema.org\",\"@graph\":[{\"@type\":\"WebPage\",\"@id\":\"https:\/\/shop.outerringmmo.com\/es\/aviso-legal\/\",\"url\":\"https:\/\/shop.outerringmmo.com\/es\/aviso-legal\/\",\"name\":\"Aviso legal - Outer Ring MMO Shop\",\"isPartOf\":{\"@id\":\"https:\/\/shop.outerringmmo.com\/es\/#website\"},\"datePublished\":\"2022-06-15T16:33:18+00:00\",\"dateModified\":\"2022-12-22T08:47:02+00:00\",\"breadcrumb\":{\"@id\":\"https:\/\/shop.outerringmmo.com\/es\/aviso-legal\/#breadcrumb\"},\"inLanguage\":\"es\",\"potentialAction\":[{\"@type\":\"ReadAction\",\"target\":[\"https:\/\/shop.outerringmmo.com\/es\/aviso-legal\/\"]}]},{\"@type\":\"BreadcrumbList\",\"@id\":\"https:\/\/shop.outerringmmo.com\/es\/aviso-legal\/#breadcrumb\",\"itemListElement\":[{\"@type\":\"ListItem\",\"position\":1,\"name\":\"Inicio\",\"item\":\"https:\/\/shop.outerringmmo.com\/es\/\"},{\"@type\":\"ListItem\",\"position\":2,\"name\":\"Aviso legal\"}]},{\"@type\":\"WebSite\",\"@id\":\"https:\/\/shop.outerringmmo.com\/es\/#website\",\"url\":\"https:\/\/shop.outerringmmo.com\/es\/\",\"name\":\"Outer Ring MMO Shop\",\"description\":\"Videogame as a lifestyle\",\"publisher\":{\"@id\":\"https:\/\/shop.outerringmmo.com\/es\/#organization\"},\"potentialAction\":[{\"@type\":\"SearchAction\",\"target\":{\"@type\":\"EntryPoint\",\"urlTemplate\":\"https:\/\/shop.outerringmmo.com\/es\/?s={search_term_string}\"},\"query-input\":{\"@type\":\"PropertyValueSpecification\",\"valueRequired\":true,\"valueName\":\"search_term_string\"}}],\"inLanguage\":\"es\"},{\"@type\":\"Organization\",\"@id\":\"https:\/\/shop.outerringmmo.com\/es\/#organization\",\"name\":\"Outer Ring MMO Shop\",\"alternateName\":\"Maniac Panda Games\",\"url\":\"https:\/\/shop.outerringmmo.com\/es\/\",\"logo\":{\"@type\":\"ImageObject\",\"inLanguage\":\"es\",\"@id\":\"https:\/\/shop.outerringmmo.com\/es\/#\/schema\/logo\/image\/\",\"url\":\"https:\/\/shop.outerringmmo.com\/wp-content\/uploads\/2020\/04\/favicon.png\",\"contentUrl\":\"https:\/\/shop.outerringmmo.com\/wp-content\/uploads\/2020\/04\/favicon.png\",\"width\":512,\"height\":512,\"caption\":\"Outer Ring MMO Shop\"},\"image\":{\"@id\":\"https:\/\/shop.outerringmmo.com\/es\/#\/schema\/logo\/image\/\"}}]}<\/script>\n<!-- \/ Yoast SEO plugin. -->","yoast_head_json":{"title":"Aviso legal - Outer Ring MMO Shop","robots":{"index":"noindex","follow":"nofollow"},"og_locale":"es_ES","og_type":"article","og_title":"Aviso legal - Outer Ring MMO Shop","og_description":"Le damos la bienvenida a nuestra web y le agradecemos su inter\u00e9s por leer las condiciones legales de nuestra web. Somos conscientes de que este tema puede no ser su preferido, pero es importante que conozca toda la informaci\u00f3n relativa a los t\u00e9rminos y condiciones legales que definen las relaciones entre los usuarios y nuestra [&hellip;]","og_url":"https:\/\/shop.outerringmmo.com\/es\/aviso-legal\/","og_site_name":"Outer Ring MMO Shop","article_modified_time":"2022-12-22T08:47:02+00:00","twitter_card":"summary_large_image","twitter_misc":{"Tiempo de lectura":"11 minutos"},"schema":{"@context":"https:\/\/schema.org","@graph":[{"@type":"WebPage","@id":"https:\/\/shop.outerringmmo.com\/es\/aviso-legal\/","url":"https:\/\/shop.outerringmmo.com\/es\/aviso-legal\/","name":"Aviso legal - Outer Ring MMO Shop","isPartOf":{"@id":"https:\/\/shop.outerringmmo.com\/es\/#website"},"datePublished":"2022-06-15T16:33:18+00:00","dateModified":"2022-12-22T08:47:02+00:00","breadcrumb":{"@id":"https:\/\/shop.outerringmmo.com\/es\/aviso-legal\/#breadcrumb"},"inLanguage":"es","potentialAction":[{"@type":"ReadAction","target":["https:\/\/shop.outerringmmo.com\/es\/aviso-legal\/"]}]},{"@type":"BreadcrumbList","@id":"https:\/\/shop.outerringmmo.com\/es\/aviso-legal\/#breadcrumb","itemListElement":[{"@type":"ListItem","position":1,"name":"Inicio","item":"https:\/\/shop.outerringmmo.com\/es\/"},{"@type":"ListItem","position":2,"name":"Aviso legal"}]},{"@type":"WebSite","@id":"https:\/\/shop.outerringmmo.com\/es\/#website","url":"https:\/\/shop.outerringmmo.com\/es\/","name":"Outer Ring MMO Shop","description":"Videogame as a lifestyle","publisher":{"@id":"https:\/\/shop.outerringmmo.com\/es\/#organization"},"potentialAction":[{"@type":"SearchAction","target":{"@type":"EntryPoint","urlTemplate":"https:\/\/shop.outerringmmo.com\/es\/?s={search_term_string}"},"query-input":{"@type":"PropertyValueSpecification","valueRequired":true,"valueName":"search_term_string"}}],"inLanguage":"es"},{"@type":"Organization","@id":"https:\/\/shop.outerringmmo.com\/es\/#organization","name":"Outer Ring MMO Shop","alternateName":"Maniac Panda Games","url":"https:\/\/shop.outerringmmo.com\/es\/","logo":{"@type":"ImageObject","inLanguage":"es","@id":"https:\/\/shop.outerringmmo.com\/es\/#\/schema\/logo\/image\/","url":"https:\/\/shop.outerringmmo.com\/wp-content\/uploads\/2020\/04\/favicon.png","contentUrl":"https:\/\/shop.outerringmmo.com\/wp-content\/uploads\/2020\/04\/favicon.png","width":512,"height":512,"caption":"Outer Ring MMO Shop"},"image":{"@id":"https:\/\/shop.outerringmmo.com\/es\/#\/schema\/logo\/image\/"}}]}},"_links":{"self":[{"href":"https:\/\/shop.outerringmmo.com\/es\/wp-json\/wp\/v2\/pages\/242","targetHints":{"allow":["GET"]}}],"collection":[{"href":"https:\/\/shop.outerringmmo.com\/es\/wp-json\/wp\/v2\/pages"}],"about":[{"href":"https:\/\/shop.outerringmmo.com\/es\/wp-json\/wp\/v2\/types\/page"}],"author":[{"embeddable":true,"href":"https:\/\/shop.outerringmmo.com\/es\/wp-json\/wp\/v2\/users\/1"}],"replies":[{"embeddable":true,"href":"https:\/\/shop.outerringmmo.com\/es\/wp-json\/wp\/v2\/comments?post=242"}],"version-history":[{"count":0,"href":"https:\/\/shop.outerringmmo.com\/es\/wp-json\/wp\/v2\/pages\/242\/revisions"}],"wp:attachment":[{"href":"https:\/\/shop.outerringmmo.com\/es\/wp-json\/wp\/v2\/media?parent=242"}],"curies":[{"name":"wp","href":"https:\/\/api.w.org\/{rel}","templated":true}]}}