{"id":244,"date":"2018-11-08T17:12:43","date_gmt":"2018-11-08T16:12:43","guid":{"rendered":"https:\/\/shop.outerringmmo.com\/?page_id=244"},"modified":"2022-12-22T09:46:46","modified_gmt":"2022-12-22T08:46:46","slug":"politica-de-privacidad","status":"publish","type":"page","link":"https:\/\/shop.outerringmmo.com\/es\/politica-de-privacidad\/","title":{"rendered":"Pol\u00edtica de privacidad"},"content":{"rendered":"\t\t<div data-elementor-type=\"wp-page\" data-elementor-id=\"244\" class=\"elementor elementor-244 elementor-3\" data-elementor-post-type=\"page\">\n\t\t\t\t\t\t<section class=\"elementor-section elementor-top-section elementor-element elementor-element-86b824e elementor-section-boxed elementor-section-height-default elementor-section-height-default\" data-id=\"86b824e\" data-element_type=\"section\">\n\t\t\t\t\t\t<div class=\"elementor-container elementor-column-gap-default\">\n\t\t\t\t\t<div class=\"elementor-column elementor-col-100 elementor-top-column elementor-element elementor-element-cbc58fa\" data-id=\"cbc58fa\" data-element_type=\"column\">\n\t\t\t<div class=\"elementor-widget-wrap elementor-element-populated\">\n\t\t\t\t\t\t<div class=\"elementor-element elementor-element-758ef27 elementor-widget elementor-widget-woocommerce-breadcrumb\" data-id=\"758ef27\" data-element_type=\"widget\" data-widget_type=\"woocommerce-breadcrumb.default\">\n\t\t\t\t<div class=\"elementor-widget-container\">\n\t\t\t\t\t<nav class=\"woocommerce-breadcrumb\" aria-label=\"Breadcrumb\">Inicio<\/nav>\t\t\t\t<\/div>\n\t\t\t\t<\/div>\n\t\t\t\t<div class=\"elementor-element elementor-element-7a6f898 elementor-widget elementor-widget-heading\" data-id=\"7a6f898\" data-element_type=\"widget\" data-widget_type=\"heading.default\">\n\t\t\t\t<div class=\"elementor-widget-container\">\n\t\t\t\t\t<h1 class=\"elementor-heading-title elementor-size-default\">Pol\u00edtica de privacidad<\/h1>\t\t\t\t<\/div>\n\t\t\t\t<\/div>\n\t\t\t\t<div class=\"elementor-element elementor-element-06aa9c1 elementor-widget elementor-widget-text-editor\" data-id=\"06aa9c1\" data-element_type=\"widget\" data-widget_type=\"text-editor.default\">\n\t\t\t\t<div class=\"elementor-widget-container\">\n\t\t\t\t\t\t\t\t\t<p><span style=\"font-weight: 400;\">Tu privacidad es importante para nosotros, y tambi\u00e9n lo es la transparencia acerca de c\u00f3mo recopilamos, usamos y compartimos informaci\u00f3n sobre tus datos. Esta pol\u00edtica tiene como objetivo ayudarte a comprender, principalmente:<\/span><\/p><ol><li style=\"font-weight: 400;\" aria-level=\"1\"><span style=\"font-weight: 400;\">Acceso a la web por parte de menores.<\/span><\/li><li style=\"font-weight: 400;\" aria-level=\"1\"><span style=\"font-weight: 400;\">\u00bfQui\u00e9nes somos?<\/span><\/li><li style=\"font-weight: 400;\" aria-level=\"1\"><span style=\"font-weight: 400;\">\u00bfPara qu\u00e9 tratamos tus datos?<\/span><\/li><li style=\"font-weight: 400;\" aria-level=\"1\"><span style=\"font-weight: 400;\">\u00bfDurante cu\u00e1nto tiempo utilizamos la informaci\u00f3n recabada?<\/span><\/li><li style=\"font-weight: 400;\" aria-level=\"1\"><span style=\"font-weight: 400;\">\u00bfCu\u00e1l es la base legitimadora del tratamiento?<\/span><\/li><li style=\"font-weight: 400;\" aria-level=\"1\"><span style=\"font-weight: 400;\">\u00bfCu\u00e1l es la informaci\u00f3n que recopilamos sobre ti?<\/span><\/li><li style=\"font-weight: 400;\" aria-level=\"1\"><span style=\"font-weight: 400;\">\u00bfCon qui\u00e9n compartimos la informaci\u00f3n que recogemos?<\/span><\/li><li style=\"font-weight: 400;\" aria-level=\"1\"><span style=\"font-weight: 400;\">\u00bfC\u00f3mo almacenamos y protegemos la informaci\u00f3n que recopilamos?<\/span><\/li><li style=\"font-weight: 400;\" aria-level=\"1\"><span style=\"font-weight: 400;\">\u00bfQu\u00e9 derechos tienes cuando nos facilitas tus datos?<\/span><\/li><li style=\"font-weight: 400;\" aria-level=\"1\"><span style=\"font-weight: 400;\">\u00bfC\u00f3mo gestionaremos los cambios en nuestra pol\u00edtica de privacidad?<\/span><\/li><\/ol><ol><li style=\"font-weight: 400;\" aria-level=\"1\"><span style=\"font-weight: 400;\">Menores de edad<\/span><\/li><\/ol><p><span style=\"font-weight: 400;\">Conforme a lo dispuesto en la normativa de protecci\u00f3n de datos, Outer Ring MMO determina como requisito indispensable para que puedas acceder a esta web que tengas m\u00e1s de 16 a\u00f1os. Si eres menor de 16 a\u00f1os y has accedido a este sitio web no debes proporcionarnos ning\u00fan dato tuyo. La responsabilidad de la veracidad de esta informaci\u00f3n recae sobre ti. Outer Ring MMO en el supuesto de que compruebe que no se cumple el citado requisito, tiene la potestad para hacer caso omiso a la solicitud de informaci\u00f3n remitida. En ning\u00fan caso se recabar\u00e1n del menor de edad datos relativos a la situaci\u00f3n profesional, econ\u00f3mica o a la intimidad de los otros miembros de la familia, sin el consentimiento de estos.<\/span><\/p><ol start=\"2\"><li><span style=\"font-weight: 400;\"> \u00bfQui\u00e9n es el responsable del tratamiento de tus datos?<\/span><\/li><\/ol><p><span style=\"font-weight: 400;\">Titular: Appdetransporte Urbano SL (en adelante Outer Ring MMO)<\/span><\/p><p><span style=\"font-weight: 400;\">NIF: B-71.379.507<\/span><\/p><p><span style=\"font-weight: 400;\">Direcci\u00f3n: Pol. Berroa, 2. Of. 508. 31192, Tajonar. Navarra. Espa\u00f1a.<\/span><\/p><p><span style=\"font-weight: 400;\">Tel\u00e9fono: 948 498 358<\/span><\/p><p><span style=\"font-weight: 400;\">E-mail: info@outerringmmo.com<\/span><\/p><p><span style=\"font-weight: 400;\">Inscrita la sociedad en el Registro Mercantil de Navarra (K8801323)<\/span><\/p><ol start=\"3\"><li><span style=\"font-weight: 400;\"> \u00bfCon qu\u00e9 finalidad tratamos tus datos personales?<\/span><\/li><\/ol><p><span style=\"font-weight: 400;\">Outer Ring MMO recopila su informaci\u00f3n para operar de manera efectiva y poder ofrecer las mejores experiencias con nuestros servicios. Podemos recopilar, usar y divulgar la informaci\u00f3n para los siguientes fines:<\/span><\/p><ul><li style=\"font-weight: 400;\" aria-level=\"1\"><span style=\"font-weight: 400;\">Facilitar la informaci\u00f3n que el propio interesado solicite sobre nuestros productos<\/span><\/li><li style=\"font-weight: 400;\" aria-level=\"1\"><span style=\"font-weight: 400;\">Gestionar y dar respuesta a posibles consultas, quejas y reclamaciones realizadas por cualquier medio, incluidos los electr\u00f3nicos.<\/span><\/li><\/ul><ol start=\"4\"><li><span style=\"font-weight: 400;\"> \u00bfPor cu\u00e1nto tiempo conservaremos tus datos?<\/span><\/li><\/ol><p><span style=\"font-weight: 400;\">Tus datos remitidos ser\u00e1n conservados mientras no revoques tu consentimiento para que los tratemos, en cuyo caso tus datos ser\u00e1n conservados \u00fanicamente durante el plazo exigido por la normativa legal aplicable.<\/span><\/p><p><span style=\"font-weight: 400;\">Tratamos tus datos de manera l\u00edcita, leal, transparente, adecuada, pertinente, limitada, exacta y actualizada. Es por ello que nos comprometemos a adoptar todas las medidas razonables para que estos se supriman o rectifiquen sin dilaci\u00f3n cuando sean inexactos.<\/span><\/p><ol start=\"5\"><li><span style=\"font-weight: 400;\"> \u00bfCu\u00e1l es la legitimaci\u00f3n para el tratamiento de tus datos?<\/span><\/li><\/ol><p><span style=\"font-weight: 400;\">Tu consentimiento manifestado expresamente al aceptar la presente pol\u00edtica de protecci\u00f3n de datos, antes de enviarnos los datos a trav\u00e9s del correspondiente formulario o al remitirnos un correo electr\u00f3nico.<\/span><\/p><p><span style=\"font-weight: 400;\">Para el resto de finalidades, acorde con el Registro de actividades de tratamiento, tenemos diferentes bases de legitimaci\u00f3n.<\/span><\/p><ol start=\"6\"><li><span style=\"font-weight: 400;\"> \u00bfQu\u00e9 tipos de datos tratamos?<\/span><\/li><\/ol><p><span style=\"font-weight: 400;\">Los datos nos pueden llegar directamente de los clientes, de terceras personas que gestionan los pedidos en nombre del cliente, y datos proporcionados en los formularios de contacto y p\u00e1gina web:<\/span><\/p><ul><li style=\"font-weight: 400;\" aria-level=\"1\"><span style=\"font-weight: 400;\">Datos de identificaci\u00f3n: nombre, apellidos.<\/span><\/li><li style=\"font-weight: 400;\" aria-level=\"1\"><span style=\"font-weight: 400;\">Datos de contacto: direcci\u00f3n de correo electr\u00f3nico<\/span><\/li><\/ul><p><span style=\"font-weight: 400;\">No tratamos categor\u00edas especiales de datos personales a trav\u00e9s de la web.<\/span><\/p><ol start=\"7\"><li><span style=\"font-weight: 400;\"> \u00bfA qu\u00e9 destinatarios se comunicar\u00e1n tus datos?<\/span><\/li><\/ol><p><span style=\"font-weight: 400;\">En funci\u00f3n de los servicios o productos en los que est\u00e9 interesado o contrates, se podr\u00e1n comunicar tus datos personales a terceros, como a Google a trav\u00e9s de la aceptaci\u00f3n de cookies, siendo dicha comunicaci\u00f3n necesaria para el adecuado cumplimiento de las obligaciones legales y\/o de las finalidades anteriormente indicadas. Dichos proveedores no tratar\u00e1n tus datos para finalidades propias que no hayan sido previamente informadas por Outer Ring MMO.<\/span><\/p><p><span style=\"font-weight: 400;\">En todo caso, estas cesiones ser\u00e1n convenientemente advertidas al Usuario, detallando la identidad de la Cesionaria y la finalidad de la misma.<\/span><\/p><p><span style=\"font-weight: 400;\">En determinadas ocasiones es necesario contar con otras entidades o proveedores de servicios. En este caso estos profesionales ser\u00e1n destinatarios de tus datos, pero ello se har\u00e1 siempre con contratos y garant\u00edas sujetos a los modelos aprobados por las autoridades. En otros casos ser\u00e1 necesario enviar datos a organismos p\u00fablicos, registros, y otro tipo de administraciones p\u00fablicas. Estas comunicaciones obedecen siempre a una obligaci\u00f3n legal.<\/span><\/p><ol start=\"8\"><li><span style=\"font-weight: 400;\"> \u00bfCu\u00e1les son tus derechos cuando nos facilitas tus datos?<\/span><\/li><\/ol><ul><li style=\"font-weight: 400;\" aria-level=\"1\"><span style=\"font-weight: 400;\">Toda persona que nos facilite sus datos tiene los siguientes derechos:<\/span><\/li><li style=\"font-weight: 400;\" aria-level=\"1\"><span style=\"font-weight: 400;\">Cualquier persona tiene derecho a obtener confirmaci\u00f3n sobre si estamos tratando datos personales que le concierne. Las personas interesadas tienen derecho a acceder a sus datos personales, as\u00ed como a solicitar la rectificaci\u00f3n de los datos inexactos o, en su caso, solicitar su supresi\u00f3n cuando, entre otros motivos, los datos ya no sean necesarios para los fines para los que fueron recogidos.<\/span><\/li><li style=\"font-weight: 400;\" aria-level=\"1\"><span style=\"font-weight: 400;\">En las condiciones previstas en el Reglamento General de Protecci\u00f3n de Datos, los interesados podr\u00e1n solicitar la limitaci\u00f3n del tratamiento de sus datos o su portabilidad, en cuyo caso \u00fanicamente los conservaremos para el ejercicio o la defensa de reclamaciones.\u00a0<\/span><\/li><li style=\"font-weight: 400;\" aria-level=\"1\"><span style=\"font-weight: 400;\">En determinadas circunstancias y por motivos relacionados con su situaci\u00f3n particular, los interesados podr\u00e1n oponerse al tratamiento de sus datos. Si has otorgado el consentimiento para alguna finalidad espec\u00edfica, tienes derecho a retirarlo en cualquier momento, sin que ello afecte a la licitud del tratamiento basado en el consentimiento previo a su retirada. En estos supuestos dejaremos de tratar los datos o, en su caso, dejaremos de hacerlo para esa finalidad en concreto, salvo por motivos leg\u00edtimos, imperiosos o el ejercicio o la defensa de posibles reclamaciones.<\/span><\/li><li style=\"font-weight: 400;\" aria-level=\"1\"><span style=\"font-weight: 400;\">Todos los derechos mencionados pueden ejercerse a trav\u00e9s de los medios de contacto que figuran en el apartado \u201cResponsable del tratamiento\u201d de esta Pol\u00edtica de Privacidad. Frente a cualquier vulneraci\u00f3n de tus derechos, especialmente cuando no hayas obtenido satisfacci\u00f3n en su ejercicio, puedes presentar una reclamaci\u00f3n ante la Agencia Espa\u00f1ola de Protecci\u00f3n de Datos (datos de contacto accesibles en www.agpd.es) u otra autoridad de control competente. Tambi\u00e9n puedes obtener m\u00e1s informaci\u00f3n sobre los derechos que te asisten dirigi\u00e9ndote a dichos organismos.<\/span><\/li><\/ul><ol start=\"9\"><li><span style=\"font-weight: 400;\"> Comunicaciones comerciales por medios electr\u00f3nicos<\/span><\/li><\/ol><p><span style=\"font-weight: 400;\">Outer Ring MMO te informa que da cumplimiento a la Ley 34\/2002 de 11 de julio, de Servicios de la Sociedad de la Informaci\u00f3n y el Comercio Electr\u00f3nico y no realiza pr\u00e1cticas de SPAM, por ello te solicitar\u00e1 tu consentimiento al tratamiento de tu correo electr\u00f3nico o tel\u00e9fono m\u00f3vil con fines comerciales en cada momento.<\/span><\/p><ol start=\"10\"><li><span style=\"font-weight: 400;\"> Actualizaci\u00f3n de la pol\u00edtica de privacidad<\/span><\/li><\/ol><p><span style=\"font-weight: 400;\">Outer Ring MMO se reserva el derecho de modificar su pol\u00edtica de privacidad o condiciones de uso de sus servicios por motivos de adaptaci\u00f3n a la legislaci\u00f3n vigente, u otros motivos, cuando esto ocurra, te avisaremos de cualquier cambio y te pediremos que vuelvas a leer la versi\u00f3n m\u00e1s reciente de nuestra pol\u00edtica y en su caso que confirmes su aceptaci\u00f3n. Se asegura la absoluta confidencialidad y privacidad de los datos personales recogidos y por ello se han adoptado medidas de seguridad a fin de evitar la alteraci\u00f3n, p\u00e9rdida, tratamiento o acceso no autorizado, y garantizar as\u00ed su integridad, disponibilidad y seguridad. Sin embargo, Outer Ring MMO, no ser\u00e1 responsable de las incidencias que puedan surgir en torno a datos personales cuando estas se deriven: bien de un ataque o acceso no autorizado a los sistemas, de tal forma que resulte imposible detectarlo o impedirlo, a\u00fan adapt\u00e1ndose las medidas seg\u00fan el estado de la tecnolog\u00eda actual.<\/span><\/p><p><span style=\"font-weight: 400;\">\u00daltima actualizaci\u00f3n el 31 de noviembre de 2022<\/span><\/p>\t\t\t\t\t\t\t\t<\/div>\n\t\t\t\t<\/div>\n\t\t\t\t\t<\/div>\n\t\t<\/div>\n\t\t\t\t\t<\/div>\n\t\t<\/section>\n\t\t\t\t<\/div>\n\t\t","protected":false},"excerpt":{"rendered":"<p>Tu privacidad es importante para nosotros, y tambi\u00e9n lo es la transparencia acerca de c\u00f3mo recopilamos, usamos y compartimos informaci\u00f3n sobre tus datos. Esta pol\u00edtica tiene como objetivo ayudarte a comprender, principalmente: Acceso a la web por parte de menores. \u00bfQui\u00e9nes somos? \u00bfPara qu\u00e9 tratamos tus datos? \u00bfDurante cu\u00e1nto tiempo utilizamos la informaci\u00f3n recabada? \u00bfCu\u00e1l [&hellip;]<\/p>\n","protected":false},"author":1,"featured_media":0,"parent":0,"menu_order":0,"comment_status":"closed","ping_status":"closed","template":"elementor_theme","meta":{"footnotes":""},"class_list":["post-244","page","type-page","status-publish","hentry"],"yoast_head":"<!-- This site is optimized with the Yoast SEO plugin v24.8.1 - https:\/\/yoast.com\/wordpress\/plugins\/seo\/ -->\n<title>Pol\u00edtica de privacidad - Outer Ring MMO Shop<\/title>\n<meta name=\"robots\" content=\"noindex, nofollow\" \/>\n<meta property=\"og:locale\" content=\"es_ES\" \/>\n<meta property=\"og:type\" content=\"article\" \/>\n<meta property=\"og:title\" content=\"Pol\u00edtica de privacidad - Outer Ring MMO Shop\" \/>\n<meta property=\"og:description\" content=\"Tu privacidad es importante para nosotros, y tambi\u00e9n lo es la transparencia acerca de c\u00f3mo recopilamos, usamos y compartimos informaci\u00f3n sobre tus datos. Esta pol\u00edtica tiene como objetivo ayudarte a comprender, principalmente: Acceso a la web por parte de menores. \u00bfQui\u00e9nes somos? \u00bfPara qu\u00e9 tratamos tus datos? \u00bfDurante cu\u00e1nto tiempo utilizamos la informaci\u00f3n recabada? \u00bfCu\u00e1l [&hellip;]\" \/>\n<meta property=\"og:url\" content=\"https:\/\/shop.outerringmmo.com\/es\/politica-de-privacidad\/\" \/>\n<meta property=\"og:site_name\" content=\"Outer Ring MMO Shop\" \/>\n<meta property=\"article:modified_time\" content=\"2022-12-22T08:46:46+00:00\" \/>\n<meta name=\"twitter:card\" content=\"summary_large_image\" \/>\n<meta name=\"twitter:label1\" content=\"Tiempo de lectura\" \/>\n\t<meta name=\"twitter:data1\" content=\"7 minutos\" \/>\n<script type=\"application\/ld+json\" class=\"yoast-schema-graph\">{\"@context\":\"https:\/\/schema.org\",\"@graph\":[{\"@type\":\"WebPage\",\"@id\":\"https:\/\/shop.outerringmmo.com\/es\/politica-de-privacidad\/\",\"url\":\"https:\/\/shop.outerringmmo.com\/es\/politica-de-privacidad\/\",\"name\":\"Pol\u00edtica de privacidad - Outer Ring MMO Shop\",\"isPartOf\":{\"@id\":\"https:\/\/shop.outerringmmo.com\/es\/#website\"},\"datePublished\":\"2018-11-08T16:12:43+00:00\",\"dateModified\":\"2022-12-22T08:46:46+00:00\",\"breadcrumb\":{\"@id\":\"https:\/\/shop.outerringmmo.com\/es\/politica-de-privacidad\/#breadcrumb\"},\"inLanguage\":\"es\",\"potentialAction\":[{\"@type\":\"ReadAction\",\"target\":[\"https:\/\/shop.outerringmmo.com\/es\/politica-de-privacidad\/\"]}]},{\"@type\":\"BreadcrumbList\",\"@id\":\"https:\/\/shop.outerringmmo.com\/es\/politica-de-privacidad\/#breadcrumb\",\"itemListElement\":[{\"@type\":\"ListItem\",\"position\":1,\"name\":\"Inicio\",\"item\":\"https:\/\/shop.outerringmmo.com\/es\/\"},{\"@type\":\"ListItem\",\"position\":2,\"name\":\"Pol\u00edtica de privacidad\"}]},{\"@type\":\"WebSite\",\"@id\":\"https:\/\/shop.outerringmmo.com\/es\/#website\",\"url\":\"https:\/\/shop.outerringmmo.com\/es\/\",\"name\":\"Outer Ring MMO Shop\",\"description\":\"Videogame as a lifestyle\",\"publisher\":{\"@id\":\"https:\/\/shop.outerringmmo.com\/es\/#organization\"},\"potentialAction\":[{\"@type\":\"SearchAction\",\"target\":{\"@type\":\"EntryPoint\",\"urlTemplate\":\"https:\/\/shop.outerringmmo.com\/es\/?s={search_term_string}\"},\"query-input\":{\"@type\":\"PropertyValueSpecification\",\"valueRequired\":true,\"valueName\":\"search_term_string\"}}],\"inLanguage\":\"es\"},{\"@type\":\"Organization\",\"@id\":\"https:\/\/shop.outerringmmo.com\/es\/#organization\",\"name\":\"Outer Ring MMO Shop\",\"alternateName\":\"Maniac Panda Games\",\"url\":\"https:\/\/shop.outerringmmo.com\/es\/\",\"logo\":{\"@type\":\"ImageObject\",\"inLanguage\":\"es\",\"@id\":\"https:\/\/shop.outerringmmo.com\/es\/#\/schema\/logo\/image\/\",\"url\":\"https:\/\/shop.outerringmmo.com\/wp-content\/uploads\/2020\/04\/favicon.png\",\"contentUrl\":\"https:\/\/shop.outerringmmo.com\/wp-content\/uploads\/2020\/04\/favicon.png\",\"width\":512,\"height\":512,\"caption\":\"Outer Ring MMO Shop\"},\"image\":{\"@id\":\"https:\/\/shop.outerringmmo.com\/es\/#\/schema\/logo\/image\/\"}}]}<\/script>\n<!-- \/ Yoast SEO plugin. -->","yoast_head_json":{"title":"Pol\u00edtica de privacidad - Outer Ring MMO Shop","robots":{"index":"noindex","follow":"nofollow"},"og_locale":"es_ES","og_type":"article","og_title":"Pol\u00edtica de privacidad - Outer Ring MMO Shop","og_description":"Tu privacidad es importante para nosotros, y tambi\u00e9n lo es la transparencia acerca de c\u00f3mo recopilamos, usamos y compartimos informaci\u00f3n sobre tus datos. Esta pol\u00edtica tiene como objetivo ayudarte a comprender, principalmente: Acceso a la web por parte de menores. \u00bfQui\u00e9nes somos? \u00bfPara qu\u00e9 tratamos tus datos? \u00bfDurante cu\u00e1nto tiempo utilizamos la informaci\u00f3n recabada? \u00bfCu\u00e1l [&hellip;]","og_url":"https:\/\/shop.outerringmmo.com\/es\/politica-de-privacidad\/","og_site_name":"Outer Ring MMO Shop","article_modified_time":"2022-12-22T08:46:46+00:00","twitter_card":"summary_large_image","twitter_misc":{"Tiempo de lectura":"7 minutos"},"schema":{"@context":"https:\/\/schema.org","@graph":[{"@type":"WebPage","@id":"https:\/\/shop.outerringmmo.com\/es\/politica-de-privacidad\/","url":"https:\/\/shop.outerringmmo.com\/es\/politica-de-privacidad\/","name":"Pol\u00edtica de privacidad - Outer Ring MMO Shop","isPartOf":{"@id":"https:\/\/shop.outerringmmo.com\/es\/#website"},"datePublished":"2018-11-08T16:12:43+00:00","dateModified":"2022-12-22T08:46:46+00:00","breadcrumb":{"@id":"https:\/\/shop.outerringmmo.com\/es\/politica-de-privacidad\/#breadcrumb"},"inLanguage":"es","potentialAction":[{"@type":"ReadAction","target":["https:\/\/shop.outerringmmo.com\/es\/politica-de-privacidad\/"]}]},{"@type":"BreadcrumbList","@id":"https:\/\/shop.outerringmmo.com\/es\/politica-de-privacidad\/#breadcrumb","itemListElement":[{"@type":"ListItem","position":1,"name":"Inicio","item":"https:\/\/shop.outerringmmo.com\/es\/"},{"@type":"ListItem","position":2,"name":"Pol\u00edtica de privacidad"}]},{"@type":"WebSite","@id":"https:\/\/shop.outerringmmo.com\/es\/#website","url":"https:\/\/shop.outerringmmo.com\/es\/","name":"Outer Ring MMO Shop","description":"Videogame as a lifestyle","publisher":{"@id":"https:\/\/shop.outerringmmo.com\/es\/#organization"},"potentialAction":[{"@type":"SearchAction","target":{"@type":"EntryPoint","urlTemplate":"https:\/\/shop.outerringmmo.com\/es\/?s={search_term_string}"},"query-input":{"@type":"PropertyValueSpecification","valueRequired":true,"valueName":"search_term_string"}}],"inLanguage":"es"},{"@type":"Organization","@id":"https:\/\/shop.outerringmmo.com\/es\/#organization","name":"Outer Ring MMO Shop","alternateName":"Maniac Panda Games","url":"https:\/\/shop.outerringmmo.com\/es\/","logo":{"@type":"ImageObject","inLanguage":"es","@id":"https:\/\/shop.outerringmmo.com\/es\/#\/schema\/logo\/image\/","url":"https:\/\/shop.outerringmmo.com\/wp-content\/uploads\/2020\/04\/favicon.png","contentUrl":"https:\/\/shop.outerringmmo.com\/wp-content\/uploads\/2020\/04\/favicon.png","width":512,"height":512,"caption":"Outer Ring MMO Shop"},"image":{"@id":"https:\/\/shop.outerringmmo.com\/es\/#\/schema\/logo\/image\/"}}]}},"_links":{"self":[{"href":"https:\/\/shop.outerringmmo.com\/es\/wp-json\/wp\/v2\/pages\/244","targetHints":{"allow":["GET"]}}],"collection":[{"href":"https:\/\/shop.outerringmmo.com\/es\/wp-json\/wp\/v2\/pages"}],"about":[{"href":"https:\/\/shop.outerringmmo.com\/es\/wp-json\/wp\/v2\/types\/page"}],"author":[{"embeddable":true,"href":"https:\/\/shop.outerringmmo.com\/es\/wp-json\/wp\/v2\/users\/1"}],"replies":[{"embeddable":true,"href":"https:\/\/shop.outerringmmo.com\/es\/wp-json\/wp\/v2\/comments?post=244"}],"version-history":[{"count":0,"href":"https:\/\/shop.outerringmmo.com\/es\/wp-json\/wp\/v2\/pages\/244\/revisions"}],"wp:attachment":[{"href":"https:\/\/shop.outerringmmo.com\/es\/wp-json\/wp\/v2\/media?parent=244"}],"curies":[{"name":"wp","href":"https:\/\/api.w.org\/{rel}","templated":true}]}}