{"id":251,"date":"2022-09-19T19:15:49","date_gmt":"2022-09-19T17:15:49","guid":{"rendered":"https:\/\/shop.outerringmmo.com\/?page_id=251"},"modified":"2022-12-20T13:34:17","modified_gmt":"2022-12-20T12:34:17","slug":"contacto","status":"publish","type":"page","link":"https:\/\/shop.outerringmmo.com\/es\/contacto\/","title":{"rendered":"Contacto"},"content":{"rendered":"\t\t<div data-elementor-type=\"wp-post\" data-elementor-id=\"251\" class=\"elementor elementor-251 elementor-15\" data-elementor-post-type=\"page\">\n\t\t\t\t\t\t<section class=\"elementor-section elementor-top-section elementor-element elementor-element-8717d05 elementor-section-boxed elementor-section-height-default elementor-section-height-default\" data-id=\"8717d05\" data-element_type=\"section\">\n\t\t\t\t\t\t<div class=\"elementor-container elementor-column-gap-default\">\n\t\t\t\t\t<div class=\"elementor-column elementor-col-100 elementor-top-column elementor-element elementor-element-739befa\" data-id=\"739befa\" data-element_type=\"column\">\n\t\t\t<div class=\"elementor-widget-wrap elementor-element-populated\">\n\t\t\t\t\t\t<div class=\"elementor-element elementor-element-da42465 elementor-widget elementor-widget-woocommerce-breadcrumb\" data-id=\"da42465\" data-element_type=\"widget\" data-widget_type=\"woocommerce-breadcrumb.default\">\n\t\t\t\t<div class=\"elementor-widget-container\">\n\t\t\t\t\t<nav class=\"woocommerce-breadcrumb\" aria-label=\"Breadcrumb\">Inicio<\/nav>\t\t\t\t<\/div>\n\t\t\t\t<\/div>\n\t\t\t\t<div class=\"elementor-element elementor-element-ed04808 elementor-widget elementor-widget-heading\" data-id=\"ed04808\" data-element_type=\"widget\" data-widget_type=\"heading.default\">\n\t\t\t\t<div class=\"elementor-widget-container\">\n\t\t\t\t\t<h1 class=\"elementor-heading-title elementor-size-default\">Contacto<\/h1>\t\t\t\t<\/div>\n\t\t\t\t<\/div>\n\t\t\t\t<section class=\"elementor-section elementor-inner-section elementor-element elementor-element-3032600 elementor-section-full_width elementor-section-height-default elementor-section-height-default\" data-id=\"3032600\" data-element_type=\"section\">\n\t\t\t\t\t\t<div class=\"elementor-container elementor-column-gap-default\">\n\t\t\t\t\t<div class=\"elementor-column elementor-col-50 elementor-inner-column elementor-element elementor-element-a09506f\" data-id=\"a09506f\" data-element_type=\"column\">\n\t\t\t<div class=\"elementor-widget-wrap elementor-element-populated\">\n\t\t\t\t\t\t<div class=\"elementor-element elementor-element-af4f587 elementor-widget elementor-widget-text-editor\" data-id=\"af4f587\" data-element_type=\"widget\" data-widget_type=\"text-editor.default\">\n\t\t\t\t<div class=\"elementor-widget-container\">\n\t\t\t\t\t\t\t\t\t<p>Rellena este formulario para consultar cualquier duda que puede surgir en tus compras de Merchandising Oficial de Outer Ring. Un especialista le atender\u00e1 a la mayor brevedad posible.<\/p>\t\t\t\t\t\t\t\t<\/div>\n\t\t\t\t<\/div>\n\t\t\t\t<div class=\"elementor-element elementor-element-d5d46da elementor-hidden-tablet elementor-hidden-mobile elementor-widget elementor-widget-image\" data-id=\"d5d46da\" data-element_type=\"widget\" data-widget_type=\"image.default\">\n\t\t\t\t<div class=\"elementor-widget-container\">\n\t\t\t\t\t\t\t\t\t\t\t\t\t\t\t<img fetchpriority=\"high\" decoding=\"async\" width=\"660\" height=\"660\" src=\"https:\/\/shop.outerringmmo.com\/wp-content\/uploads\/2022\/11\/contact-warrior.jpg\" class=\"attachment-large size-large wp-image-509\" alt=\"Contact Warrior\" srcset=\"https:\/\/shop.outerringmmo.com\/wp-content\/uploads\/2022\/11\/contact-warrior.jpg 660w, https:\/\/shop.outerringmmo.com\/wp-content\/uploads\/2022\/11\/contact-warrior-300x300.jpg 300w, https:\/\/shop.outerringmmo.com\/wp-content\/uploads\/2022\/11\/contact-warrior-150x150.jpg 150w, https:\/\/shop.outerringmmo.com\/wp-content\/uploads\/2022\/11\/contact-warrior-600x600.jpg 600w, https:\/\/shop.outerringmmo.com\/wp-content\/uploads\/2022\/11\/contact-warrior-100x100.jpg 100w\" sizes=\"(max-width: 660px) 100vw, 660px\" \/>\t\t\t\t\t\t\t\t\t\t\t\t\t\t\t<\/div>\n\t\t\t\t<\/div>\n\t\t\t\t\t<\/div>\n\t\t<\/div>\n\t\t\t\t<div class=\"elementor-column elementor-col-50 elementor-inner-column elementor-element elementor-element-694b9cc\" data-id=\"694b9cc\" data-element_type=\"column\">\n\t\t\t<div class=\"elementor-widget-wrap elementor-element-populated\">\n\t\t\t\t\t\t<div class=\"elementor-element elementor-element-3ea6cdf elementor-button-align-stretch elementor-widget elementor-widget-form\" data-id=\"3ea6cdf\" data-element_type=\"widget\" data-settings=\"{&quot;step_next_label&quot;:&quot;Next&quot;,&quot;step_previous_label&quot;:&quot;Previous&quot;,&quot;button_width&quot;:&quot;100&quot;,&quot;step_type&quot;:&quot;number_text&quot;,&quot;step_icon_shape&quot;:&quot;circle&quot;}\" data-widget_type=\"form.default\">\n\t\t\t\t<div class=\"elementor-widget-container\">\n\t\t\t\t\t\t\t<form class=\"elementor-form\" method=\"post\" name=\"New Form\">\n\t\t\t<input type=\"hidden\" name=\"post_id\" value=\"251\"\/>\n\t\t\t<input type=\"hidden\" name=\"form_id\" value=\"3ea6cdf\"\/>\n\t\t\t<input type=\"hidden\" name=\"referer_title\" value=\"Outer Ring MMO Shop\" \/>\n\n\t\t\t\n\t\t\t<div class=\"elementor-form-fields-wrapper elementor-labels-above\">\n\t\t\t\t\t\t\t\t<div class=\"elementor-field-type-text elementor-field-group elementor-column elementor-field-group-name elementor-col-100 elementor-field-required elementor-mark-required\">\n\t\t\t\t\t\t\t\t\t\t\t\t<label for=\"form-field-name\" class=\"elementor-field-label\">\n\t\t\t\t\t\t\t\tNOMBRE\t\t\t\t\t\t\t<\/label>\n\t\t\t\t\t\t\t\t\t\t\t\t\t\t<input size=\"1\" type=\"text\" name=\"form_fields[name]\" id=\"form-field-name\" class=\"elementor-field elementor-size-sm  elementor-field-textual\" required=\"required\">\n\t\t\t\t\t\t\t\t\t\t\t<\/div>\n\t\t\t\t\t\t\t\t<div class=\"elementor-field-type-email elementor-field-group elementor-column elementor-field-group-email elementor-col-50 elementor-field-required elementor-mark-required\">\n\t\t\t\t\t\t\t\t\t\t\t\t<label for=\"form-field-email\" class=\"elementor-field-label\">\n\t\t\t\t\t\t\t\tEMAIL\t\t\t\t\t\t\t<\/label>\n\t\t\t\t\t\t\t\t\t\t\t\t\t\t<input size=\"1\" type=\"email\" name=\"form_fields[email]\" id=\"form-field-email\" class=\"elementor-field elementor-size-sm  elementor-field-textual\" required=\"required\">\n\t\t\t\t\t\t\t\t\t\t\t<\/div>\n\t\t\t\t\t\t\t\t<div class=\"elementor-field-type-tel elementor-field-group elementor-column elementor-field-group-ebdf281 elementor-col-50\">\n\t\t\t\t\t\t\t\t\t\t\t\t<label for=\"form-field-ebdf281\" class=\"elementor-field-label\">\n\t\t\t\t\t\t\t\tTEL\u00c9FONO\t\t\t\t\t\t\t<\/label>\n\t\t\t\t\t\t\t\t<input size=\"1\" type=\"tel\" name=\"form_fields[ebdf281]\" id=\"form-field-ebdf281\" class=\"elementor-field elementor-size-sm  elementor-field-textual\" pattern=\"[0-9()#&amp;+*-=.]+\" title=\"Only numbers and phone characters (#, -, *, etc) are accepted.\">\n\n\t\t\t\t\t\t<\/div>\n\t\t\t\t\t\t\t\t<div class=\"elementor-field-type-textarea elementor-field-group elementor-column elementor-field-group-message elementor-col-100 elementor-field-required elementor-mark-required\">\n\t\t\t\t\t\t\t\t\t\t\t\t<label for=\"form-field-message\" class=\"elementor-field-label\">\n\t\t\t\t\t\t\t\tMENSAJE\t\t\t\t\t\t\t<\/label>\n\t\t\t\t\t\t<textarea class=\"elementor-field-textual elementor-field  elementor-size-sm\" name=\"form_fields[message]\" id=\"form-field-message\" rows=\"4\" placeholder=\"Tengo una consulta sobre mi pedido...\" required=\"required\"><\/textarea>\t\t\t\t<\/div>\n\t\t\t\t\t\t\t\t<div class=\"elementor-field-type-html elementor-field-group elementor-column elementor-field-group-field_41b7ae6 elementor-col-100\">\n\t\t\t\t\t<p>Informaci\u00f3n b\u00e1sica sobre tu protecci\u00f3n de datos<\/p>\n<div style=\"font-size:80%\">\n<p>\n<b>Responsable:<\/b> Nexxyo Labs (hereinafter Outer Ring)\n<\/p>\n<p>\n<b>Prop\u00f3sito:<\/b> Gestionar tu solicitud de informaci\u00f3n <a class=\"popup\" href=\"\/es\/politica-de-privacidad\/\" data-height=\"290\" data-width=\"850\" data-scrollbars= \"0\"><u>+info<\/u><\/a>\n<\/p>\n<p>\n<b>Derechos:<\/b> Tienes derecho a acceder, rectificar y suprimir los datos, as\u00ed como otros derechos, como se explica en la informaci\u00f3n adicional. <a class=\"popup\" href=\"\/es\/politica-de-privacidad\/\" data-height=\"290\" data-width=\"850\" data-scrollbars=\"0\"><u>+info<\/u><\/a>\n<\/p>\n<p>\n<b>Informaci\u00f3n adicional:<\/b> Puedes consultar la informaci\u00f3n adicional y detallada sobre Protecci\u00f3n de Datos<a class=\"popup\" href=\"\/es\/politica-de-privacidad\/\" data-height=\"290\" data-width=\"850\" data-scrollbars=\"0\" > <u>aqu\u00ed<\/u><\/a>\n<\/p>\n<\/div>\t\t\t\t<\/div>\n\t\t\t\t\t\t\t\t<div class=\"elementor-field-type-acceptance elementor-field-group elementor-column elementor-field-group-8fcae9c elementor-col-100 elementor-field-required elementor-mark-required\">\n\t\t\t\t\t\t\t<div class=\"elementor-field-subgroup\">\n\t\t\t<span class=\"elementor-field-option\">\n\t\t\t\t<input type=\"checkbox\" name=\"form_fields[8fcae9c]\" id=\"form-field-8fcae9c\" class=\"elementor-field elementor-size-sm  elementor-acceptance-field\" required=\"required\">\n\t\t\t\t<label for=\"form-field-8fcae9c\">&nbsp;He le\u00eddo y acepto la <u><a href=\"\/es\/politica-de-privacidad\/\" class=\"popup\" data-height=\"290\" data-width=\"850\" data-scrollbars=\"0\">pol\u00edtica de privacidad<\/a><\/u><\/label>\t\t\t<\/span>\n\t\t<\/div>\n\t\t\t\t\t\t<\/div>\n\t\t\t\t\t\t\t\t<div class=\"elementor-field-group elementor-column elementor-field-type-submit elementor-col-100 e-form__buttons\">\n\t\t\t\t\t<button class=\"elementor-button elementor-size-sm\" type=\"submit\">\n\t\t\t\t\t\t<span class=\"elementor-button-content-wrapper\">\n\t\t\t\t\t\t\t\t\t\t\t\t\t\t\t\t\t\t\t\t\t\t<span class=\"elementor-button-text\">ENVIAR<\/span>\n\t\t\t\t\t\t\t\t\t\t\t\t\t<\/span>\n\t\t\t\t\t<\/button>\n\t\t\t\t<\/div>\n\t\t\t<\/div>\n\t\t<\/form>\n\t\t\t\t\t\t<\/div>\n\t\t\t\t<\/div>\n\t\t\t\t\t<\/div>\n\t\t<\/div>\n\t\t\t\t\t<\/div>\n\t\t<\/section>\n\t\t\t\t\t<\/div>\n\t\t<\/div>\n\t\t\t\t\t<\/div>\n\t\t<\/section>\n\t\t\t\t<\/div>\n\t\t","protected":false},"excerpt":{"rendered":"<p>Rellena este formulario para consultar cualquier duda que puede surgir en tus compras de Merchandising Oficial de Outer Ring. Un especialista le atender\u00e1 a la mayor brevedad posible.<\/p>\n","protected":false},"author":1,"featured_media":0,"parent":0,"menu_order":0,"comment_status":"closed","ping_status":"closed","template":"elementor_theme","meta":{"footnotes":""},"class_list":["post-251","page","type-page","status-publish","hentry"],"yoast_head":"<!-- This site is optimized with the Yoast SEO plugin v24.8.1 - https:\/\/yoast.com\/wordpress\/plugins\/seo\/ -->\n<title>Contacto - Outer Ring MMO Shop<\/title>\n<meta name=\"robots\" content=\"index, follow, max-snippet:-1, max-image-preview:large, max-video-preview:-1\" \/>\n<link rel=\"canonical\" href=\"https:\/\/shop.outerringmmo.com\/es\/contacto\/\" \/>\n<meta property=\"og:locale\" content=\"es_ES\" \/>\n<meta property=\"og:type\" content=\"article\" \/>\n<meta property=\"og:title\" content=\"Contacto - Outer Ring MMO Shop\" \/>\n<meta property=\"og:description\" content=\"Rellena este formulario para consultar cualquier duda que puede surgir en tus compras de Merchandising Oficial de Outer Ring. Un especialista le atender\u00e1 a la mayor brevedad posible.\" \/>\n<meta property=\"og:url\" content=\"https:\/\/shop.outerringmmo.com\/es\/contacto\/\" \/>\n<meta property=\"og:site_name\" content=\"Outer Ring MMO Shop\" \/>\n<meta property=\"article:modified_time\" content=\"2022-12-20T12:34:17+00:00\" \/>\n<meta property=\"og:image\" content=\"https:\/\/shop.outerringmmo.com\/wp-content\/uploads\/2022\/11\/contact-warrior.jpg\" \/>\n<meta name=\"twitter:card\" content=\"summary_large_image\" \/>\n<script type=\"application\/ld+json\" class=\"yoast-schema-graph\">{\"@context\":\"https:\/\/schema.org\",\"@graph\":[{\"@type\":\"WebPage\",\"@id\":\"https:\/\/shop.outerringmmo.com\/es\/contacto\/\",\"url\":\"https:\/\/shop.outerringmmo.com\/es\/contacto\/\",\"name\":\"Contacto - Outer Ring MMO Shop\",\"isPartOf\":{\"@id\":\"https:\/\/shop.outerringmmo.com\/es\/#website\"},\"primaryImageOfPage\":{\"@id\":\"https:\/\/shop.outerringmmo.com\/es\/contacto\/#primaryimage\"},\"image\":{\"@id\":\"https:\/\/shop.outerringmmo.com\/es\/contacto\/#primaryimage\"},\"thumbnailUrl\":\"https:\/\/shop.outerringmmo.com\/wp-content\/uploads\/2022\/11\/contact-warrior.jpg\",\"datePublished\":\"2022-09-19T17:15:49+00:00\",\"dateModified\":\"2022-12-20T12:34:17+00:00\",\"breadcrumb\":{\"@id\":\"https:\/\/shop.outerringmmo.com\/es\/contacto\/#breadcrumb\"},\"inLanguage\":\"es\",\"potentialAction\":[{\"@type\":\"ReadAction\",\"target\":[\"https:\/\/shop.outerringmmo.com\/es\/contacto\/\"]}]},{\"@type\":\"ImageObject\",\"inLanguage\":\"es\",\"@id\":\"https:\/\/shop.outerringmmo.com\/es\/contacto\/#primaryimage\",\"url\":\"https:\/\/shop.outerringmmo.com\/wp-content\/uploads\/2022\/11\/contact-warrior.jpg\",\"contentUrl\":\"https:\/\/shop.outerringmmo.com\/wp-content\/uploads\/2022\/11\/contact-warrior.jpg\"},{\"@type\":\"BreadcrumbList\",\"@id\":\"https:\/\/shop.outerringmmo.com\/es\/contacto\/#breadcrumb\",\"itemListElement\":[{\"@type\":\"ListItem\",\"position\":1,\"name\":\"Inicio\",\"item\":\"https:\/\/shop.outerringmmo.com\/es\/\"},{\"@type\":\"ListItem\",\"position\":2,\"name\":\"Contacto\"}]},{\"@type\":\"WebSite\",\"@id\":\"https:\/\/shop.outerringmmo.com\/es\/#website\",\"url\":\"https:\/\/shop.outerringmmo.com\/es\/\",\"name\":\"Outer Ring MMO Shop\",\"description\":\"Videogame as a lifestyle\",\"publisher\":{\"@id\":\"https:\/\/shop.outerringmmo.com\/es\/#organization\"},\"potentialAction\":[{\"@type\":\"SearchAction\",\"target\":{\"@type\":\"EntryPoint\",\"urlTemplate\":\"https:\/\/shop.outerringmmo.com\/es\/?s={search_term_string}\"},\"query-input\":{\"@type\":\"PropertyValueSpecification\",\"valueRequired\":true,\"valueName\":\"search_term_string\"}}],\"inLanguage\":\"es\"},{\"@type\":\"Organization\",\"@id\":\"https:\/\/shop.outerringmmo.com\/es\/#organization\",\"name\":\"Outer Ring MMO Shop\",\"alternateName\":\"Maniac Panda Games\",\"url\":\"https:\/\/shop.outerringmmo.com\/es\/\",\"logo\":{\"@type\":\"ImageObject\",\"inLanguage\":\"es\",\"@id\":\"https:\/\/shop.outerringmmo.com\/es\/#\/schema\/logo\/image\/\",\"url\":\"https:\/\/shop.outerringmmo.com\/wp-content\/uploads\/2020\/04\/favicon.png\",\"contentUrl\":\"https:\/\/shop.outerringmmo.com\/wp-content\/uploads\/2020\/04\/favicon.png\",\"width\":512,\"height\":512,\"caption\":\"Outer Ring MMO Shop\"},\"image\":{\"@id\":\"https:\/\/shop.outerringmmo.com\/es\/#\/schema\/logo\/image\/\"}}]}<\/script>\n<!-- \/ Yoast SEO plugin. -->","yoast_head_json":{"title":"Contacto - Outer Ring MMO Shop","robots":{"index":"index","follow":"follow","max-snippet":"max-snippet:-1","max-image-preview":"max-image-preview:large","max-video-preview":"max-video-preview:-1"},"canonical":"https:\/\/shop.outerringmmo.com\/es\/contacto\/","og_locale":"es_ES","og_type":"article","og_title":"Contacto - Outer Ring MMO Shop","og_description":"Rellena este formulario para consultar cualquier duda que puede surgir en tus compras de Merchandising Oficial de Outer Ring. Un especialista le atender\u00e1 a la mayor brevedad posible.","og_url":"https:\/\/shop.outerringmmo.com\/es\/contacto\/","og_site_name":"Outer Ring MMO Shop","article_modified_time":"2022-12-20T12:34:17+00:00","og_image":[{"url":"https:\/\/shop.outerringmmo.com\/wp-content\/uploads\/2022\/11\/contact-warrior.jpg","type":"","width":"","height":""}],"twitter_card":"summary_large_image","schema":{"@context":"https:\/\/schema.org","@graph":[{"@type":"WebPage","@id":"https:\/\/shop.outerringmmo.com\/es\/contacto\/","url":"https:\/\/shop.outerringmmo.com\/es\/contacto\/","name":"Contacto - Outer Ring MMO Shop","isPartOf":{"@id":"https:\/\/shop.outerringmmo.com\/es\/#website"},"primaryImageOfPage":{"@id":"https:\/\/shop.outerringmmo.com\/es\/contacto\/#primaryimage"},"image":{"@id":"https:\/\/shop.outerringmmo.com\/es\/contacto\/#primaryimage"},"thumbnailUrl":"https:\/\/shop.outerringmmo.com\/wp-content\/uploads\/2022\/11\/contact-warrior.jpg","datePublished":"2022-09-19T17:15:49+00:00","dateModified":"2022-12-20T12:34:17+00:00","breadcrumb":{"@id":"https:\/\/shop.outerringmmo.com\/es\/contacto\/#breadcrumb"},"inLanguage":"es","potentialAction":[{"@type":"ReadAction","target":["https:\/\/shop.outerringmmo.com\/es\/contacto\/"]}]},{"@type":"ImageObject","inLanguage":"es","@id":"https:\/\/shop.outerringmmo.com\/es\/contacto\/#primaryimage","url":"https:\/\/shop.outerringmmo.com\/wp-content\/uploads\/2022\/11\/contact-warrior.jpg","contentUrl":"https:\/\/shop.outerringmmo.com\/wp-content\/uploads\/2022\/11\/contact-warrior.jpg"},{"@type":"BreadcrumbList","@id":"https:\/\/shop.outerringmmo.com\/es\/contacto\/#breadcrumb","itemListElement":[{"@type":"ListItem","position":1,"name":"Inicio","item":"https:\/\/shop.outerringmmo.com\/es\/"},{"@type":"ListItem","position":2,"name":"Contacto"}]},{"@type":"WebSite","@id":"https:\/\/shop.outerringmmo.com\/es\/#website","url":"https:\/\/shop.outerringmmo.com\/es\/","name":"Outer Ring MMO Shop","description":"Videogame as a lifestyle","publisher":{"@id":"https:\/\/shop.outerringmmo.com\/es\/#organization"},"potentialAction":[{"@type":"SearchAction","target":{"@type":"EntryPoint","urlTemplate":"https:\/\/shop.outerringmmo.com\/es\/?s={search_term_string}"},"query-input":{"@type":"PropertyValueSpecification","valueRequired":true,"valueName":"search_term_string"}}],"inLanguage":"es"},{"@type":"Organization","@id":"https:\/\/shop.outerringmmo.com\/es\/#organization","name":"Outer Ring MMO Shop","alternateName":"Maniac Panda Games","url":"https:\/\/shop.outerringmmo.com\/es\/","logo":{"@type":"ImageObject","inLanguage":"es","@id":"https:\/\/shop.outerringmmo.com\/es\/#\/schema\/logo\/image\/","url":"https:\/\/shop.outerringmmo.com\/wp-content\/uploads\/2020\/04\/favicon.png","contentUrl":"https:\/\/shop.outerringmmo.com\/wp-content\/uploads\/2020\/04\/favicon.png","width":512,"height":512,"caption":"Outer Ring MMO Shop"},"image":{"@id":"https:\/\/shop.outerringmmo.com\/es\/#\/schema\/logo\/image\/"}}]}},"_links":{"self":[{"href":"https:\/\/shop.outerringmmo.com\/es\/wp-json\/wp\/v2\/pages\/251","targetHints":{"allow":["GET"]}}],"collection":[{"href":"https:\/\/shop.outerringmmo.com\/es\/wp-json\/wp\/v2\/pages"}],"about":[{"href":"https:\/\/shop.outerringmmo.com\/es\/wp-json\/wp\/v2\/types\/page"}],"author":[{"embeddable":true,"href":"https:\/\/shop.outerringmmo.com\/es\/wp-json\/wp\/v2\/users\/1"}],"replies":[{"embeddable":true,"href":"https:\/\/shop.outerringmmo.com\/es\/wp-json\/wp\/v2\/comments?post=251"}],"version-history":[{"count":0,"href":"https:\/\/shop.outerringmmo.com\/es\/wp-json\/wp\/v2\/pages\/251\/revisions"}],"wp:attachment":[{"href":"https:\/\/shop.outerringmmo.com\/es\/wp-json\/wp\/v2\/media?parent=251"}],"curies":[{"name":"wp","href":"https:\/\/api.w.org\/{rel}","templated":true}]}}