{"id":455,"date":"2022-10-05T13:13:52","date_gmt":"2022-10-05T11:13:52","guid":{"rendered":"https:\/\/shop.outerringmmo.com\/product\/unisex-t-shirt\/"},"modified":"2022-12-20T11:22:31","modified_gmt":"2022-12-20T10:22:31","slug":"camiseta-scavengons-vs-earthlings-impresion-trasera","status":"publish","type":"product","link":"https:\/\/shop.outerringmmo.com\/es\/producto\/camiseta-scavengons-vs-earthlings-impresion-trasera\/","title":{"rendered":"CAMISETA SCAVENGONS vs EARTHLINGS &#8211; IMPRESI\u00d3N TRASERA"},"content":{"rendered":"<p><span style=\"font-weight: 400;\">\u00a1Sobrevive explorador!, \u00a1En el Outer Ring todo est\u00e1 permitido! Date prisa y elige tu bando, \u00bfLos adaptables Earthlings o los salvajes Scavengons? No pierdas el tiempo y recuerda, \u00a1Ning\u00fan bot\u00edn ni material ser\u00e1 dado sin luchar!<\/span><\/p>\n<p><span style=\"font-weight: 400;\">Prep\u00e1rate para explorar lo inexplorado, nos vemos en el Outer Ring.<\/span><\/p>\n<p><span style=\"font-weight: 400;\">Caracter\u00edsticas:<\/span><\/p>\n<ul>\n<li><span style=\"font-weight: 400;\">100% algod\u00f3n peinado e hilado en anillos (los colores c\u00e1lidos contienen poli\u00e9ster)<\/span><\/li>\n<li><span style=\"font-weight: 400;\">Peso del tejido: 142 g\/m\u00b2 (4,2 oz\/yd\u00b2)<\/span><\/li>\n<li><span style=\"font-weight: 400;\">Tejido preencogido<\/span><\/li>\n<li><span style=\"font-weight: 400;\">Costuras laterales<\/span><\/li>\n<li><span style=\"font-weight: 400;\">Cinta de hombro a hombro<\/span><\/li>\n<li><span style=\"font-weight: 400;\">Producto en blanco procedente de Guatemala, Nicaragua, M\u00e9xico, Honduras o EE.UU.<\/span><\/li>\n<\/ul>\n","protected":false},"excerpt":{"rendered":"<p>\u00a1Sobrevive explorador!, \u00a1En el Outer Ring todo est\u00e1 permitido! Date prisa y elige tu bando, \u00bfLos adaptables Earthlings o los salvajes Scavengons? No pierdas el tiempo y recuerda, \u00a1Ning\u00fan bot\u00edn ni material ser\u00e1 dado sin luchar! Prep\u00e1rate para explorar lo inexplorado, nos vemos en el Outer Ring. Caracter\u00edsticas: 100% algod\u00f3n peinado e hilado en anillos [&hellip;]<\/p>\n","protected":false},"featured_media":379,"comment_status":"open","ping_status":"closed","template":"","meta":[],"product_brand":[],"product_cat":[],"product_tag":[],"class_list":{"0":"post-455","1":"product","2":"type-product","3":"status-publish","4":"has-post-thumbnail","7":"first","8":"instock","9":"featured","10":"taxable","11":"shipping-taxable","12":"purchasable","13":"product-type-variable"},"yoast_head":"<!-- This site is optimized with the Yoast SEO plugin v24.8.1 - https:\/\/yoast.com\/wordpress\/plugins\/seo\/ -->\n<title>CAMISETA SCAVENGONS vs EARTHLINGS - IMPRESI\u00d3N TRASERA - Outer Ring MMO Shop<\/title>\n<meta name=\"robots\" content=\"index, follow, max-snippet:-1, max-image-preview:large, max-video-preview:-1\" \/>\n<link rel=\"canonical\" href=\"https:\/\/shop.outerringmmo.com\/es\/producto\/camiseta-scavengons-vs-earthlings-impresion-trasera\/\" \/>\n<meta property=\"og:locale\" content=\"es_ES\" \/>\n<meta property=\"og:type\" content=\"article\" \/>\n<meta property=\"og:title\" content=\"CAMISETA SCAVENGONS vs EARTHLINGS - IMPRESI\u00d3N TRASERA - Outer Ring MMO Shop\" \/>\n<meta property=\"og:description\" content=\"\u00a1Sobrevive explorador!, \u00a1En el Outer Ring todo est\u00e1 permitido! Date prisa y elige tu bando, \u00bfLos adaptables Earthlings o los salvajes Scavengons? No pierdas el tiempo y recuerda, \u00a1Ning\u00fan bot\u00edn ni material ser\u00e1 dado sin luchar! Prep\u00e1rate para explorar lo inexplorado, nos vemos en el Outer Ring. Caracter\u00edsticas: 100% algod\u00f3n peinado e hilado en anillos [&hellip;]\" \/>\n<meta property=\"og:url\" content=\"https:\/\/shop.outerringmmo.com\/es\/producto\/camiseta-scavengons-vs-earthlings-impresion-trasera\/\" \/>\n<meta property=\"og:site_name\" content=\"Outer Ring MMO Shop\" \/>\n<meta property=\"article:modified_time\" content=\"2022-12-20T10:22:31+00:00\" \/>\n<meta property=\"og:image\" content=\"https:\/\/shop.outerringmmo.com\/wp-content\/uploads\/2022\/10\/unisex-staple-t-shirt-black-heather-front-633d66e69e187.jpg\" \/>\n\t<meta property=\"og:image:width\" content=\"1000\" \/>\n\t<meta property=\"og:image:height\" content=\"1000\" \/>\n\t<meta property=\"og:image:type\" content=\"image\/jpeg\" \/>\n<meta name=\"twitter:card\" content=\"summary_large_image\" \/>\n<script type=\"application\/ld+json\" class=\"yoast-schema-graph\">{\"@context\":\"https:\/\/schema.org\",\"@graph\":[{\"@type\":\"WebPage\",\"@id\":\"https:\/\/shop.outerringmmo.com\/es\/producto\/camiseta-scavengons-vs-earthlings-impresion-trasera\/\",\"url\":\"https:\/\/shop.outerringmmo.com\/es\/producto\/camiseta-scavengons-vs-earthlings-impresion-trasera\/\",\"name\":\"CAMISETA SCAVENGONS vs EARTHLINGS - IMPRESI\u00d3N TRASERA - Outer Ring MMO Shop\",\"isPartOf\":{\"@id\":\"https:\/\/shop.outerringmmo.com\/es\/#website\"},\"primaryImageOfPage\":{\"@id\":\"https:\/\/shop.outerringmmo.com\/es\/producto\/camiseta-scavengons-vs-earthlings-impresion-trasera\/#primaryimage\"},\"image\":{\"@id\":\"https:\/\/shop.outerringmmo.com\/es\/producto\/camiseta-scavengons-vs-earthlings-impresion-trasera\/#primaryimage\"},\"thumbnailUrl\":\"https:\/\/shop.outerringmmo.com\/wp-content\/uploads\/2022\/10\/unisex-staple-t-shirt-black-heather-front-633d66e69e187.jpg\",\"datePublished\":\"2022-10-05T11:13:52+00:00\",\"dateModified\":\"2022-12-20T10:22:31+00:00\",\"breadcrumb\":{\"@id\":\"https:\/\/shop.outerringmmo.com\/es\/producto\/camiseta-scavengons-vs-earthlings-impresion-trasera\/#breadcrumb\"},\"inLanguage\":\"es\",\"potentialAction\":[{\"@type\":\"ReadAction\",\"target\":[\"https:\/\/shop.outerringmmo.com\/es\/producto\/camiseta-scavengons-vs-earthlings-impresion-trasera\/\"]}]},{\"@type\":\"ImageObject\",\"inLanguage\":\"es\",\"@id\":\"https:\/\/shop.outerringmmo.com\/es\/producto\/camiseta-scavengons-vs-earthlings-impresion-trasera\/#primaryimage\",\"url\":\"https:\/\/shop.outerringmmo.com\/wp-content\/uploads\/2022\/10\/unisex-staple-t-shirt-black-heather-front-633d66e69e187.jpg\",\"contentUrl\":\"https:\/\/shop.outerringmmo.com\/wp-content\/uploads\/2022\/10\/unisex-staple-t-shirt-black-heather-front-633d66e69e187.jpg\",\"width\":1000,\"height\":1000},{\"@type\":\"BreadcrumbList\",\"@id\":\"https:\/\/shop.outerringmmo.com\/es\/producto\/camiseta-scavengons-vs-earthlings-impresion-trasera\/#breadcrumb\",\"itemListElement\":[{\"@type\":\"ListItem\",\"position\":1,\"name\":\"Inicio\",\"item\":\"https:\/\/shop.outerringmmo.com\/es\/\"},{\"@type\":\"ListItem\",\"position\":2,\"name\":\"Tienda\",\"item\":\"https:\/\/shop.outerringmmo.com\/es\/tienda\/\"},{\"@type\":\"ListItem\",\"position\":3,\"name\":\"CAMISETA SCAVENGONS vs EARTHLINGS &#8211; IMPRESI\u00d3N TRASERA\"}]},{\"@type\":\"WebSite\",\"@id\":\"https:\/\/shop.outerringmmo.com\/es\/#website\",\"url\":\"https:\/\/shop.outerringmmo.com\/es\/\",\"name\":\"Outer Ring MMO Shop\",\"description\":\"Videogame as a lifestyle\",\"publisher\":{\"@id\":\"https:\/\/shop.outerringmmo.com\/es\/#organization\"},\"potentialAction\":[{\"@type\":\"SearchAction\",\"target\":{\"@type\":\"EntryPoint\",\"urlTemplate\":\"https:\/\/shop.outerringmmo.com\/es\/?s={search_term_string}\"},\"query-input\":{\"@type\":\"PropertyValueSpecification\",\"valueRequired\":true,\"valueName\":\"search_term_string\"}}],\"inLanguage\":\"es\"},{\"@type\":\"Organization\",\"@id\":\"https:\/\/shop.outerringmmo.com\/es\/#organization\",\"name\":\"Outer Ring MMO Shop\",\"alternateName\":\"Maniac Panda Games\",\"url\":\"https:\/\/shop.outerringmmo.com\/es\/\",\"logo\":{\"@type\":\"ImageObject\",\"inLanguage\":\"es\",\"@id\":\"https:\/\/shop.outerringmmo.com\/es\/#\/schema\/logo\/image\/\",\"url\":\"https:\/\/shop.outerringmmo.com\/wp-content\/uploads\/2020\/04\/favicon.png\",\"contentUrl\":\"https:\/\/shop.outerringmmo.com\/wp-content\/uploads\/2020\/04\/favicon.png\",\"width\":512,\"height\":512,\"caption\":\"Outer Ring MMO Shop\"},\"image\":{\"@id\":\"https:\/\/shop.outerringmmo.com\/es\/#\/schema\/logo\/image\/\"}}]}<\/script>\n<!-- \/ Yoast SEO plugin. -->","yoast_head_json":{"title":"CAMISETA SCAVENGONS vs EARTHLINGS - IMPRESI\u00d3N TRASERA - Outer Ring MMO Shop","robots":{"index":"index","follow":"follow","max-snippet":"max-snippet:-1","max-image-preview":"max-image-preview:large","max-video-preview":"max-video-preview:-1"},"canonical":"https:\/\/shop.outerringmmo.com\/es\/producto\/camiseta-scavengons-vs-earthlings-impresion-trasera\/","og_locale":"es_ES","og_type":"article","og_title":"CAMISETA SCAVENGONS vs EARTHLINGS - IMPRESI\u00d3N TRASERA - Outer Ring MMO Shop","og_description":"\u00a1Sobrevive explorador!, \u00a1En el Outer Ring todo est\u00e1 permitido! Date prisa y elige tu bando, \u00bfLos adaptables Earthlings o los salvajes Scavengons? No pierdas el tiempo y recuerda, \u00a1Ning\u00fan bot\u00edn ni material ser\u00e1 dado sin luchar! Prep\u00e1rate para explorar lo inexplorado, nos vemos en el Outer Ring. Caracter\u00edsticas: 100% algod\u00f3n peinado e hilado en anillos [&hellip;]","og_url":"https:\/\/shop.outerringmmo.com\/es\/producto\/camiseta-scavengons-vs-earthlings-impresion-trasera\/","og_site_name":"Outer Ring MMO Shop","article_modified_time":"2022-12-20T10:22:31+00:00","og_image":[{"width":1000,"height":1000,"url":"https:\/\/shop.outerringmmo.com\/wp-content\/uploads\/2022\/10\/unisex-staple-t-shirt-black-heather-front-633d66e69e187.jpg","type":"image\/jpeg"}],"twitter_card":"summary_large_image","schema":{"@context":"https:\/\/schema.org","@graph":[{"@type":"WebPage","@id":"https:\/\/shop.outerringmmo.com\/es\/producto\/camiseta-scavengons-vs-earthlings-impresion-trasera\/","url":"https:\/\/shop.outerringmmo.com\/es\/producto\/camiseta-scavengons-vs-earthlings-impresion-trasera\/","name":"CAMISETA SCAVENGONS vs EARTHLINGS - IMPRESI\u00d3N TRASERA - Outer Ring MMO Shop","isPartOf":{"@id":"https:\/\/shop.outerringmmo.com\/es\/#website"},"primaryImageOfPage":{"@id":"https:\/\/shop.outerringmmo.com\/es\/producto\/camiseta-scavengons-vs-earthlings-impresion-trasera\/#primaryimage"},"image":{"@id":"https:\/\/shop.outerringmmo.com\/es\/producto\/camiseta-scavengons-vs-earthlings-impresion-trasera\/#primaryimage"},"thumbnailUrl":"https:\/\/shop.outerringmmo.com\/wp-content\/uploads\/2022\/10\/unisex-staple-t-shirt-black-heather-front-633d66e69e187.jpg","datePublished":"2022-10-05T11:13:52+00:00","dateModified":"2022-12-20T10:22:31+00:00","breadcrumb":{"@id":"https:\/\/shop.outerringmmo.com\/es\/producto\/camiseta-scavengons-vs-earthlings-impresion-trasera\/#breadcrumb"},"inLanguage":"es","potentialAction":[{"@type":"ReadAction","target":["https:\/\/shop.outerringmmo.com\/es\/producto\/camiseta-scavengons-vs-earthlings-impresion-trasera\/"]}]},{"@type":"ImageObject","inLanguage":"es","@id":"https:\/\/shop.outerringmmo.com\/es\/producto\/camiseta-scavengons-vs-earthlings-impresion-trasera\/#primaryimage","url":"https:\/\/shop.outerringmmo.com\/wp-content\/uploads\/2022\/10\/unisex-staple-t-shirt-black-heather-front-633d66e69e187.jpg","contentUrl":"https:\/\/shop.outerringmmo.com\/wp-content\/uploads\/2022\/10\/unisex-staple-t-shirt-black-heather-front-633d66e69e187.jpg","width":1000,"height":1000},{"@type":"BreadcrumbList","@id":"https:\/\/shop.outerringmmo.com\/es\/producto\/camiseta-scavengons-vs-earthlings-impresion-trasera\/#breadcrumb","itemListElement":[{"@type":"ListItem","position":1,"name":"Inicio","item":"https:\/\/shop.outerringmmo.com\/es\/"},{"@type":"ListItem","position":2,"name":"Tienda","item":"https:\/\/shop.outerringmmo.com\/es\/tienda\/"},{"@type":"ListItem","position":3,"name":"CAMISETA SCAVENGONS vs EARTHLINGS &#8211; IMPRESI\u00d3N TRASERA"}]},{"@type":"WebSite","@id":"https:\/\/shop.outerringmmo.com\/es\/#website","url":"https:\/\/shop.outerringmmo.com\/es\/","name":"Outer Ring MMO Shop","description":"Videogame as a lifestyle","publisher":{"@id":"https:\/\/shop.outerringmmo.com\/es\/#organization"},"potentialAction":[{"@type":"SearchAction","target":{"@type":"EntryPoint","urlTemplate":"https:\/\/shop.outerringmmo.com\/es\/?s={search_term_string}"},"query-input":{"@type":"PropertyValueSpecification","valueRequired":true,"valueName":"search_term_string"}}],"inLanguage":"es"},{"@type":"Organization","@id":"https:\/\/shop.outerringmmo.com\/es\/#organization","name":"Outer Ring MMO Shop","alternateName":"Maniac Panda Games","url":"https:\/\/shop.outerringmmo.com\/es\/","logo":{"@type":"ImageObject","inLanguage":"es","@id":"https:\/\/shop.outerringmmo.com\/es\/#\/schema\/logo\/image\/","url":"https:\/\/shop.outerringmmo.com\/wp-content\/uploads\/2020\/04\/favicon.png","contentUrl":"https:\/\/shop.outerringmmo.com\/wp-content\/uploads\/2020\/04\/favicon.png","width":512,"height":512,"caption":"Outer Ring MMO Shop"},"image":{"@id":"https:\/\/shop.outerringmmo.com\/es\/#\/schema\/logo\/image\/"}}]}},"_links":{"self":[{"href":"https:\/\/shop.outerringmmo.com\/es\/wp-json\/wp\/v2\/product\/455","targetHints":{"allow":["GET"]}}],"collection":[{"href":"https:\/\/shop.outerringmmo.com\/es\/wp-json\/wp\/v2\/product"}],"about":[{"href":"https:\/\/shop.outerringmmo.com\/es\/wp-json\/wp\/v2\/types\/product"}],"replies":[{"embeddable":true,"href":"https:\/\/shop.outerringmmo.com\/es\/wp-json\/wp\/v2\/comments?post=455"}],"wp:featuredmedia":[{"embeddable":true,"href":"https:\/\/shop.outerringmmo.com\/es\/wp-json\/wp\/v2\/media\/379"}],"wp:attachment":[{"href":"https:\/\/shop.outerringmmo.com\/es\/wp-json\/wp\/v2\/media?parent=455"}],"wp:term":[{"taxonomy":"product_brand","embeddable":true,"href":"https:\/\/shop.outerringmmo.com\/es\/wp-json\/wp\/v2\/product_brand?post=455"},{"taxonomy":"product_cat","embeddable":true,"href":"https:\/\/shop.outerringmmo.com\/es\/wp-json\/wp\/v2\/product_cat?post=455"},{"taxonomy":"product_tag","embeddable":true,"href":"https:\/\/shop.outerringmmo.com\/es\/wp-json\/wp\/v2\/product_tag?post=455"}],"curies":[{"name":"wp","href":"https:\/\/api.w.org\/{rel}","templated":true}]}}