{"id":6804,"date":"2022-12-01T13:12:56","date_gmt":"2022-12-01T12:12:56","guid":{"rendered":"https:\/\/shop.outerringmmo.com\/product\/scavengons-vs-earthlings-cup\/"},"modified":"2022-12-20T11:05:15","modified_gmt":"2022-12-20T10:05:15","slug":"taza-scavengons-vs-earthlings","status":"publish","type":"product","link":"https:\/\/shop.outerringmmo.com\/es\/producto\/taza-scavengons-vs-earthlings\/","title":{"rendered":"TAZA SCAVENGONS vs EARTHLINGS"},"content":{"rendered":"<p><span style=\"font-weight: 400;\">\u00a1Sobrevive explorador!, \u00a1En el Outer Ring todo est\u00e1 permitido! Date prisa y elige tu bando, \u00bfLos adaptables Earthlings o los salvajes Scavengons? No pierdas el tiempo y recuerda, \u00a1Ning\u00fan bot\u00edn ni material ser\u00e1 dado sin luchar!<\/span><\/p>\n<p><span style=\"font-weight: 400;\">Prep\u00e1rate para explorar lo inexplorado, nos vemos en el Outer Ring.<\/span><\/p>\n<p><span style=\"font-weight: 400;\">Caracter\u00edsticas<\/span><\/p>\n<ul>\n<li><span style=\"font-weight: 400;\">Cer\u00e1mica<\/span><\/li>\n<li><span style=\"font-weight: 400;\">Dimensiones de la taza de 11 oz: 3,85\u2033 (9,8 cm) de altura, 3,35\u2033 (8,5 cm) de di\u00e1metro.<\/span><\/li>\n<li><span style=\"font-weight: 400;\">Dimensiones de la taza de 15 oz: 4,7\u2033 (12 cm) de altura, 3,35\u2033 (8,5 cm) de di\u00e1metro.<\/span><\/li>\n<li><span style=\"font-weight: 400;\">Apta para lavavajillas y microondas<\/span><\/li>\n<li><span style=\"font-weight: 400;\">Producto base procedente de China<\/span><\/li>\n<\/ul>\n","protected":false},"excerpt":{"rendered":"<p>\u00a1Sobrevive explorador!, \u00a1En el Outer Ring todo est\u00e1 permitido! Date prisa y elige tu bando, \u00bfLos adaptables Earthlings o los salvajes Scavengons? No pierdas el tiempo y recuerda, \u00a1Ning\u00fan bot\u00edn ni material ser\u00e1 dado sin luchar! Prep\u00e1rate para explorar lo inexplorado, nos vemos en el Outer Ring. Caracter\u00edsticas Cer\u00e1mica Dimensiones de la taza de 11 [&hellip;]<\/p>\n","protected":false},"featured_media":6794,"comment_status":"open","ping_status":"closed","template":"","meta":[],"product_brand":[],"product_cat":[],"product_tag":[],"class_list":{"0":"post-6804","1":"product","2":"type-product","3":"status-publish","4":"has-post-thumbnail","7":"first","8":"instock","9":"featured","10":"taxable","11":"shipping-taxable","12":"purchasable","13":"product-type-simple"},"yoast_head":"<!-- This site is optimized with the Yoast SEO plugin v24.8.1 - https:\/\/yoast.com\/wordpress\/plugins\/seo\/ -->\n<title>TAZA SCAVENGONS vs EARTHLINGS - Outer Ring MMO Shop<\/title>\n<meta name=\"robots\" content=\"index, follow, max-snippet:-1, max-image-preview:large, max-video-preview:-1\" \/>\n<link rel=\"canonical\" href=\"https:\/\/shop.outerringmmo.com\/es\/producto\/taza-scavengons-vs-earthlings\/\" \/>\n<meta property=\"og:locale\" content=\"es_ES\" \/>\n<meta property=\"og:type\" content=\"article\" \/>\n<meta property=\"og:title\" content=\"TAZA SCAVENGONS vs EARTHLINGS - Outer Ring MMO Shop\" \/>\n<meta property=\"og:description\" content=\"\u00a1Sobrevive explorador!, \u00a1En el Outer Ring todo est\u00e1 permitido! Date prisa y elige tu bando, \u00bfLos adaptables Earthlings o los salvajes Scavengons? No pierdas el tiempo y recuerda, \u00a1Ning\u00fan bot\u00edn ni material ser\u00e1 dado sin luchar! Prep\u00e1rate para explorar lo inexplorado, nos vemos en el Outer Ring. Caracter\u00edsticas Cer\u00e1mica Dimensiones de la taza de 11 [&hellip;]\" \/>\n<meta property=\"og:url\" content=\"https:\/\/shop.outerringmmo.com\/es\/producto\/taza-scavengons-vs-earthlings\/\" \/>\n<meta property=\"og:site_name\" content=\"Outer Ring MMO Shop\" \/>\n<meta property=\"article:modified_time\" content=\"2022-12-20T10:05:15+00:00\" \/>\n<meta property=\"og:image\" content=\"https:\/\/shop.outerringmmo.com\/wp-content\/uploads\/2022\/12\/white-glossy-mug-11oz-front-view-63889a3d68954.jpg\" \/>\n\t<meta property=\"og:image:width\" content=\"2000\" \/>\n\t<meta property=\"og:image:height\" content=\"2000\" \/>\n\t<meta property=\"og:image:type\" content=\"image\/jpeg\" \/>\n<meta name=\"twitter:card\" content=\"summary_large_image\" \/>\n<script type=\"application\/ld+json\" class=\"yoast-schema-graph\">{\"@context\":\"https:\/\/schema.org\",\"@graph\":[{\"@type\":\"WebPage\",\"@id\":\"https:\/\/shop.outerringmmo.com\/es\/producto\/taza-scavengons-vs-earthlings\/\",\"url\":\"https:\/\/shop.outerringmmo.com\/es\/producto\/taza-scavengons-vs-earthlings\/\",\"name\":\"TAZA SCAVENGONS vs EARTHLINGS - Outer Ring MMO Shop\",\"isPartOf\":{\"@id\":\"https:\/\/shop.outerringmmo.com\/es\/#website\"},\"primaryImageOfPage\":{\"@id\":\"https:\/\/shop.outerringmmo.com\/es\/producto\/taza-scavengons-vs-earthlings\/#primaryimage\"},\"image\":{\"@id\":\"https:\/\/shop.outerringmmo.com\/es\/producto\/taza-scavengons-vs-earthlings\/#primaryimage\"},\"thumbnailUrl\":\"https:\/\/shop.outerringmmo.com\/wp-content\/uploads\/2022\/12\/white-glossy-mug-11oz-front-view-63889a3d68954.jpg\",\"datePublished\":\"2022-12-01T12:12:56+00:00\",\"dateModified\":\"2022-12-20T10:05:15+00:00\",\"breadcrumb\":{\"@id\":\"https:\/\/shop.outerringmmo.com\/es\/producto\/taza-scavengons-vs-earthlings\/#breadcrumb\"},\"inLanguage\":\"es\",\"potentialAction\":[{\"@type\":\"ReadAction\",\"target\":[\"https:\/\/shop.outerringmmo.com\/es\/producto\/taza-scavengons-vs-earthlings\/\"]}]},{\"@type\":\"ImageObject\",\"inLanguage\":\"es\",\"@id\":\"https:\/\/shop.outerringmmo.com\/es\/producto\/taza-scavengons-vs-earthlings\/#primaryimage\",\"url\":\"https:\/\/shop.outerringmmo.com\/wp-content\/uploads\/2022\/12\/white-glossy-mug-11oz-front-view-63889a3d68954.jpg\",\"contentUrl\":\"https:\/\/shop.outerringmmo.com\/wp-content\/uploads\/2022\/12\/white-glossy-mug-11oz-front-view-63889a3d68954.jpg\",\"width\":2000,\"height\":2000},{\"@type\":\"BreadcrumbList\",\"@id\":\"https:\/\/shop.outerringmmo.com\/es\/producto\/taza-scavengons-vs-earthlings\/#breadcrumb\",\"itemListElement\":[{\"@type\":\"ListItem\",\"position\":1,\"name\":\"Inicio\",\"item\":\"https:\/\/shop.outerringmmo.com\/es\/\"},{\"@type\":\"ListItem\",\"position\":2,\"name\":\"Tienda\",\"item\":\"https:\/\/shop.outerringmmo.com\/es\/tienda\/\"},{\"@type\":\"ListItem\",\"position\":3,\"name\":\"TAZA SCAVENGONS vs EARTHLINGS\"}]},{\"@type\":\"WebSite\",\"@id\":\"https:\/\/shop.outerringmmo.com\/es\/#website\",\"url\":\"https:\/\/shop.outerringmmo.com\/es\/\",\"name\":\"Outer Ring MMO Shop\",\"description\":\"Videogame as a lifestyle\",\"publisher\":{\"@id\":\"https:\/\/shop.outerringmmo.com\/es\/#organization\"},\"potentialAction\":[{\"@type\":\"SearchAction\",\"target\":{\"@type\":\"EntryPoint\",\"urlTemplate\":\"https:\/\/shop.outerringmmo.com\/es\/?s={search_term_string}\"},\"query-input\":{\"@type\":\"PropertyValueSpecification\",\"valueRequired\":true,\"valueName\":\"search_term_string\"}}],\"inLanguage\":\"es\"},{\"@type\":\"Organization\",\"@id\":\"https:\/\/shop.outerringmmo.com\/es\/#organization\",\"name\":\"Outer Ring MMO Shop\",\"alternateName\":\"Maniac Panda Games\",\"url\":\"https:\/\/shop.outerringmmo.com\/es\/\",\"logo\":{\"@type\":\"ImageObject\",\"inLanguage\":\"es\",\"@id\":\"https:\/\/shop.outerringmmo.com\/es\/#\/schema\/logo\/image\/\",\"url\":\"https:\/\/shop.outerringmmo.com\/wp-content\/uploads\/2020\/04\/favicon.png\",\"contentUrl\":\"https:\/\/shop.outerringmmo.com\/wp-content\/uploads\/2020\/04\/favicon.png\",\"width\":512,\"height\":512,\"caption\":\"Outer Ring MMO Shop\"},\"image\":{\"@id\":\"https:\/\/shop.outerringmmo.com\/es\/#\/schema\/logo\/image\/\"}}]}<\/script>\n<!-- \/ Yoast SEO plugin. -->","yoast_head_json":{"title":"TAZA SCAVENGONS vs EARTHLINGS - Outer Ring MMO Shop","robots":{"index":"index","follow":"follow","max-snippet":"max-snippet:-1","max-image-preview":"max-image-preview:large","max-video-preview":"max-video-preview:-1"},"canonical":"https:\/\/shop.outerringmmo.com\/es\/producto\/taza-scavengons-vs-earthlings\/","og_locale":"es_ES","og_type":"article","og_title":"TAZA SCAVENGONS vs EARTHLINGS - Outer Ring MMO Shop","og_description":"\u00a1Sobrevive explorador!, \u00a1En el Outer Ring todo est\u00e1 permitido! Date prisa y elige tu bando, \u00bfLos adaptables Earthlings o los salvajes Scavengons? No pierdas el tiempo y recuerda, \u00a1Ning\u00fan bot\u00edn ni material ser\u00e1 dado sin luchar! Prep\u00e1rate para explorar lo inexplorado, nos vemos en el Outer Ring. Caracter\u00edsticas Cer\u00e1mica Dimensiones de la taza de 11 [&hellip;]","og_url":"https:\/\/shop.outerringmmo.com\/es\/producto\/taza-scavengons-vs-earthlings\/","og_site_name":"Outer Ring MMO Shop","article_modified_time":"2022-12-20T10:05:15+00:00","og_image":[{"width":2000,"height":2000,"url":"https:\/\/shop.outerringmmo.com\/wp-content\/uploads\/2022\/12\/white-glossy-mug-11oz-front-view-63889a3d68954.jpg","type":"image\/jpeg"}],"twitter_card":"summary_large_image","schema":{"@context":"https:\/\/schema.org","@graph":[{"@type":"WebPage","@id":"https:\/\/shop.outerringmmo.com\/es\/producto\/taza-scavengons-vs-earthlings\/","url":"https:\/\/shop.outerringmmo.com\/es\/producto\/taza-scavengons-vs-earthlings\/","name":"TAZA SCAVENGONS vs EARTHLINGS - Outer Ring MMO Shop","isPartOf":{"@id":"https:\/\/shop.outerringmmo.com\/es\/#website"},"primaryImageOfPage":{"@id":"https:\/\/shop.outerringmmo.com\/es\/producto\/taza-scavengons-vs-earthlings\/#primaryimage"},"image":{"@id":"https:\/\/shop.outerringmmo.com\/es\/producto\/taza-scavengons-vs-earthlings\/#primaryimage"},"thumbnailUrl":"https:\/\/shop.outerringmmo.com\/wp-content\/uploads\/2022\/12\/white-glossy-mug-11oz-front-view-63889a3d68954.jpg","datePublished":"2022-12-01T12:12:56+00:00","dateModified":"2022-12-20T10:05:15+00:00","breadcrumb":{"@id":"https:\/\/shop.outerringmmo.com\/es\/producto\/taza-scavengons-vs-earthlings\/#breadcrumb"},"inLanguage":"es","potentialAction":[{"@type":"ReadAction","target":["https:\/\/shop.outerringmmo.com\/es\/producto\/taza-scavengons-vs-earthlings\/"]}]},{"@type":"ImageObject","inLanguage":"es","@id":"https:\/\/shop.outerringmmo.com\/es\/producto\/taza-scavengons-vs-earthlings\/#primaryimage","url":"https:\/\/shop.outerringmmo.com\/wp-content\/uploads\/2022\/12\/white-glossy-mug-11oz-front-view-63889a3d68954.jpg","contentUrl":"https:\/\/shop.outerringmmo.com\/wp-content\/uploads\/2022\/12\/white-glossy-mug-11oz-front-view-63889a3d68954.jpg","width":2000,"height":2000},{"@type":"BreadcrumbList","@id":"https:\/\/shop.outerringmmo.com\/es\/producto\/taza-scavengons-vs-earthlings\/#breadcrumb","itemListElement":[{"@type":"ListItem","position":1,"name":"Inicio","item":"https:\/\/shop.outerringmmo.com\/es\/"},{"@type":"ListItem","position":2,"name":"Tienda","item":"https:\/\/shop.outerringmmo.com\/es\/tienda\/"},{"@type":"ListItem","position":3,"name":"TAZA SCAVENGONS vs EARTHLINGS"}]},{"@type":"WebSite","@id":"https:\/\/shop.outerringmmo.com\/es\/#website","url":"https:\/\/shop.outerringmmo.com\/es\/","name":"Outer Ring MMO Shop","description":"Videogame as a lifestyle","publisher":{"@id":"https:\/\/shop.outerringmmo.com\/es\/#organization"},"potentialAction":[{"@type":"SearchAction","target":{"@type":"EntryPoint","urlTemplate":"https:\/\/shop.outerringmmo.com\/es\/?s={search_term_string}"},"query-input":{"@type":"PropertyValueSpecification","valueRequired":true,"valueName":"search_term_string"}}],"inLanguage":"es"},{"@type":"Organization","@id":"https:\/\/shop.outerringmmo.com\/es\/#organization","name":"Outer Ring MMO Shop","alternateName":"Maniac Panda Games","url":"https:\/\/shop.outerringmmo.com\/es\/","logo":{"@type":"ImageObject","inLanguage":"es","@id":"https:\/\/shop.outerringmmo.com\/es\/#\/schema\/logo\/image\/","url":"https:\/\/shop.outerringmmo.com\/wp-content\/uploads\/2020\/04\/favicon.png","contentUrl":"https:\/\/shop.outerringmmo.com\/wp-content\/uploads\/2020\/04\/favicon.png","width":512,"height":512,"caption":"Outer Ring MMO Shop"},"image":{"@id":"https:\/\/shop.outerringmmo.com\/es\/#\/schema\/logo\/image\/"}}]}},"_links":{"self":[{"href":"https:\/\/shop.outerringmmo.com\/es\/wp-json\/wp\/v2\/product\/6804","targetHints":{"allow":["GET"]}}],"collection":[{"href":"https:\/\/shop.outerringmmo.com\/es\/wp-json\/wp\/v2\/product"}],"about":[{"href":"https:\/\/shop.outerringmmo.com\/es\/wp-json\/wp\/v2\/types\/product"}],"replies":[{"embeddable":true,"href":"https:\/\/shop.outerringmmo.com\/es\/wp-json\/wp\/v2\/comments?post=6804"}],"wp:featuredmedia":[{"embeddable":true,"href":"https:\/\/shop.outerringmmo.com\/es\/wp-json\/wp\/v2\/media\/6794"}],"wp:attachment":[{"href":"https:\/\/shop.outerringmmo.com\/es\/wp-json\/wp\/v2\/media?parent=6804"}],"wp:term":[{"taxonomy":"product_brand","embeddable":true,"href":"https:\/\/shop.outerringmmo.com\/es\/wp-json\/wp\/v2\/product_brand?post=6804"},{"taxonomy":"product_cat","embeddable":true,"href":"https:\/\/shop.outerringmmo.com\/es\/wp-json\/wp\/v2\/product_cat?post=6804"},{"taxonomy":"product_tag","embeddable":true,"href":"https:\/\/shop.outerringmmo.com\/es\/wp-json\/wp\/v2\/product_tag?post=6804"}],"curies":[{"name":"wp","href":"https:\/\/api.w.org\/{rel}","templated":true}]}}