{"id":7591,"date":"2023-01-04T12:43:25","date_gmt":"2023-01-04T11:43:25","guid":{"rendered":"https:\/\/shop.outerringmmo.com\/product\/sudadera-outer-ring\/"},"modified":"2024-06-28T04:50:55","modified_gmt":"2024-06-28T02:50:55","slug":"sudadera-outer-ring","status":"publish","type":"product","link":"https:\/\/shop.outerringmmo.com\/es\/producto\/sudadera-outer-ring\/","title":{"rendered":"SUDADERA OUTER RING"},"content":{"rendered":"<p><span style=\"font-weight: 400;\">Lleva Outer Ring a tu armario, el lugar m\u00e1s lejano de la galaxia donde yacen los sistemas y mundos por descubrir, as\u00ed como sus evolucionadas y antiguas especies alien\u00edgenas cuya disposici\u00f3n e intenciones a\u00fan se desconocen&#8230;\u00a0<\/span><\/p>\n<p>&nbsp;<\/p>\n<p><span style=\"font-weight: 400;\">Prep\u00e1rate para explorar lo inexplorado, nos vemos en el Outer Ring.<\/span><\/p>\n<p>&nbsp;<\/p>\n<p><span style=\"font-weight: 400;\">CARACTER\u00cdSTICAS<\/span><\/p>\n<p><span style=\"font-weight: 400;\">&#8211; 100% algod\u00f3n\u00a0<\/span><\/p>\n<p><span style=\"font-weight: 400;\">&#8211; 65% algod\u00f3n hilado en anillos, 35% poli\u00e9ster<\/span><\/p>\n<p><span style=\"font-weight: 400;\">&#8211; Bolsillo frontal<\/span><\/p>\n<p><span style=\"font-weight: 400;\">&#8211; Parche de tejido propio en la espalda<\/span><\/p>\n<p><span style=\"font-weight: 400;\">&#8211; Cordones planos a juego<\/span><\/p>\n<p><span style=\"font-weight: 400;\">&#8211; Capucha de 3 paneles<\/span><\/p>\n<p><span style=\"font-weight: 400;\">&#8211; Producto en blanco procedente de Pakist\u00e1n<\/span><\/p>\n","protected":false},"excerpt":{"rendered":"<p>Lleva Outer Ring a tu armario, el lugar m\u00e1s lejano de la galaxia donde yacen los sistemas y mundos por descubrir, as\u00ed como sus evolucionadas y antiguas especies alien\u00edgenas cuya disposici\u00f3n e intenciones a\u00fan se desconocen&#8230;\u00a0 &nbsp; Prep\u00e1rate para explorar lo inexplorado, nos vemos en el Outer Ring. &nbsp; CARACTER\u00cdSTICAS &#8211; 100% algod\u00f3n\u00a0 &#8211; 65% [&hellip;]<\/p>\n","protected":false},"featured_media":7101,"comment_status":"open","ping_status":"closed","template":"","meta":[],"product_brand":[],"product_cat":[64],"product_tag":[],"class_list":{"0":"post-7591","1":"product","2":"type-product","3":"status-publish","4":"has-post-thumbnail","6":"product_cat-sudadera","8":"first","9":"instock","10":"taxable","11":"shipping-taxable","12":"purchasable","13":"product-type-variable"},"yoast_head":"<!-- This site is optimized with the Yoast SEO plugin v24.8.1 - https:\/\/yoast.com\/wordpress\/plugins\/seo\/ -->\n<title>SUDADERA OUTER RING - Outer Ring MMO Shop<\/title>\n<meta name=\"robots\" content=\"index, follow, max-snippet:-1, max-image-preview:large, max-video-preview:-1\" \/>\n<link rel=\"canonical\" href=\"https:\/\/shop.outerringmmo.com\/es\/producto\/sudadera-outer-ring\/\" \/>\n<meta property=\"og:locale\" content=\"es_ES\" \/>\n<meta property=\"og:type\" content=\"article\" \/>\n<meta property=\"og:title\" content=\"SUDADERA OUTER RING - Outer Ring MMO Shop\" \/>\n<meta property=\"og:description\" content=\"Lleva Outer Ring a tu armario, el lugar m\u00e1s lejano de la galaxia donde yacen los sistemas y mundos por descubrir, as\u00ed como sus evolucionadas y antiguas especies alien\u00edgenas cuya disposici\u00f3n e intenciones a\u00fan se desconocen&#8230;\u00a0 &nbsp; Prep\u00e1rate para explorar lo inexplorado, nos vemos en el Outer Ring. &nbsp; CARACTER\u00cdSTICAS &#8211; 100% algod\u00f3n\u00a0 &#8211; 65% [&hellip;]\" \/>\n<meta property=\"og:url\" content=\"https:\/\/shop.outerringmmo.com\/es\/producto\/sudadera-outer-ring\/\" \/>\n<meta property=\"og:site_name\" content=\"Outer Ring MMO Shop\" \/>\n<meta property=\"article:modified_time\" content=\"2024-06-28T02:50:55+00:00\" \/>\n<meta property=\"og:image\" content=\"https:\/\/shop.outerringmmo.com\/wp-content\/uploads\/2023\/01\/unisex-premium-hoodie-black-front-63b56651d6dd7.jpg\" \/>\n\t<meta property=\"og:image:width\" content=\"2000\" \/>\n\t<meta property=\"og:image:height\" content=\"2000\" \/>\n\t<meta property=\"og:image:type\" content=\"image\/jpeg\" \/>\n<meta name=\"twitter:card\" content=\"summary_large_image\" \/>\n<script type=\"application\/ld+json\" class=\"yoast-schema-graph\">{\"@context\":\"https:\/\/schema.org\",\"@graph\":[{\"@type\":\"WebPage\",\"@id\":\"https:\/\/shop.outerringmmo.com\/es\/producto\/sudadera-outer-ring\/\",\"url\":\"https:\/\/shop.outerringmmo.com\/es\/producto\/sudadera-outer-ring\/\",\"name\":\"SUDADERA OUTER RING - Outer Ring MMO Shop\",\"isPartOf\":{\"@id\":\"https:\/\/shop.outerringmmo.com\/es\/#website\"},\"primaryImageOfPage\":{\"@id\":\"https:\/\/shop.outerringmmo.com\/es\/producto\/sudadera-outer-ring\/#primaryimage\"},\"image\":{\"@id\":\"https:\/\/shop.outerringmmo.com\/es\/producto\/sudadera-outer-ring\/#primaryimage\"},\"thumbnailUrl\":\"https:\/\/shop.outerringmmo.com\/wp-content\/uploads\/2023\/01\/unisex-premium-hoodie-black-front-63b56651d6dd7.jpg\",\"datePublished\":\"2023-01-04T11:43:25+00:00\",\"dateModified\":\"2024-06-28T02:50:55+00:00\",\"breadcrumb\":{\"@id\":\"https:\/\/shop.outerringmmo.com\/es\/producto\/sudadera-outer-ring\/#breadcrumb\"},\"inLanguage\":\"es\",\"potentialAction\":[{\"@type\":\"ReadAction\",\"target\":[\"https:\/\/shop.outerringmmo.com\/es\/producto\/sudadera-outer-ring\/\"]}]},{\"@type\":\"ImageObject\",\"inLanguage\":\"es\",\"@id\":\"https:\/\/shop.outerringmmo.com\/es\/producto\/sudadera-outer-ring\/#primaryimage\",\"url\":\"https:\/\/shop.outerringmmo.com\/wp-content\/uploads\/2023\/01\/unisex-premium-hoodie-black-front-63b56651d6dd7.jpg\",\"contentUrl\":\"https:\/\/shop.outerringmmo.com\/wp-content\/uploads\/2023\/01\/unisex-premium-hoodie-black-front-63b56651d6dd7.jpg\",\"width\":2000,\"height\":2000},{\"@type\":\"BreadcrumbList\",\"@id\":\"https:\/\/shop.outerringmmo.com\/es\/producto\/sudadera-outer-ring\/#breadcrumb\",\"itemListElement\":[{\"@type\":\"ListItem\",\"position\":1,\"name\":\"Inicio\",\"item\":\"https:\/\/shop.outerringmmo.com\/es\/\"},{\"@type\":\"ListItem\",\"position\":2,\"name\":\"Tienda\",\"item\":\"https:\/\/shop.outerringmmo.com\/es\/tienda\/\"},{\"@type\":\"ListItem\",\"position\":3,\"name\":\"SUDADERA OUTER RING\"}]},{\"@type\":\"WebSite\",\"@id\":\"https:\/\/shop.outerringmmo.com\/es\/#website\",\"url\":\"https:\/\/shop.outerringmmo.com\/es\/\",\"name\":\"Outer Ring MMO Shop\",\"description\":\"Videogame as a lifestyle\",\"publisher\":{\"@id\":\"https:\/\/shop.outerringmmo.com\/es\/#organization\"},\"potentialAction\":[{\"@type\":\"SearchAction\",\"target\":{\"@type\":\"EntryPoint\",\"urlTemplate\":\"https:\/\/shop.outerringmmo.com\/es\/?s={search_term_string}\"},\"query-input\":{\"@type\":\"PropertyValueSpecification\",\"valueRequired\":true,\"valueName\":\"search_term_string\"}}],\"inLanguage\":\"es\"},{\"@type\":\"Organization\",\"@id\":\"https:\/\/shop.outerringmmo.com\/es\/#organization\",\"name\":\"Outer Ring MMO Shop\",\"alternateName\":\"Maniac Panda Games\",\"url\":\"https:\/\/shop.outerringmmo.com\/es\/\",\"logo\":{\"@type\":\"ImageObject\",\"inLanguage\":\"es\",\"@id\":\"https:\/\/shop.outerringmmo.com\/es\/#\/schema\/logo\/image\/\",\"url\":\"https:\/\/shop.outerringmmo.com\/wp-content\/uploads\/2020\/04\/favicon.png\",\"contentUrl\":\"https:\/\/shop.outerringmmo.com\/wp-content\/uploads\/2020\/04\/favicon.png\",\"width\":512,\"height\":512,\"caption\":\"Outer Ring MMO Shop\"},\"image\":{\"@id\":\"https:\/\/shop.outerringmmo.com\/es\/#\/schema\/logo\/image\/\"}}]}<\/script>\n<!-- \/ Yoast SEO plugin. -->","yoast_head_json":{"title":"SUDADERA OUTER RING - Outer Ring MMO Shop","robots":{"index":"index","follow":"follow","max-snippet":"max-snippet:-1","max-image-preview":"max-image-preview:large","max-video-preview":"max-video-preview:-1"},"canonical":"https:\/\/shop.outerringmmo.com\/es\/producto\/sudadera-outer-ring\/","og_locale":"es_ES","og_type":"article","og_title":"SUDADERA OUTER RING - Outer Ring MMO Shop","og_description":"Lleva Outer Ring a tu armario, el lugar m\u00e1s lejano de la galaxia donde yacen los sistemas y mundos por descubrir, as\u00ed como sus evolucionadas y antiguas especies alien\u00edgenas cuya disposici\u00f3n e intenciones a\u00fan se desconocen&#8230;\u00a0 &nbsp; Prep\u00e1rate para explorar lo inexplorado, nos vemos en el Outer Ring. &nbsp; CARACTER\u00cdSTICAS &#8211; 100% algod\u00f3n\u00a0 &#8211; 65% [&hellip;]","og_url":"https:\/\/shop.outerringmmo.com\/es\/producto\/sudadera-outer-ring\/","og_site_name":"Outer Ring MMO Shop","article_modified_time":"2024-06-28T02:50:55+00:00","og_image":[{"width":2000,"height":2000,"url":"https:\/\/shop.outerringmmo.com\/wp-content\/uploads\/2023\/01\/unisex-premium-hoodie-black-front-63b56651d6dd7.jpg","type":"image\/jpeg"}],"twitter_card":"summary_large_image","schema":{"@context":"https:\/\/schema.org","@graph":[{"@type":"WebPage","@id":"https:\/\/shop.outerringmmo.com\/es\/producto\/sudadera-outer-ring\/","url":"https:\/\/shop.outerringmmo.com\/es\/producto\/sudadera-outer-ring\/","name":"SUDADERA OUTER RING - Outer Ring MMO Shop","isPartOf":{"@id":"https:\/\/shop.outerringmmo.com\/es\/#website"},"primaryImageOfPage":{"@id":"https:\/\/shop.outerringmmo.com\/es\/producto\/sudadera-outer-ring\/#primaryimage"},"image":{"@id":"https:\/\/shop.outerringmmo.com\/es\/producto\/sudadera-outer-ring\/#primaryimage"},"thumbnailUrl":"https:\/\/shop.outerringmmo.com\/wp-content\/uploads\/2023\/01\/unisex-premium-hoodie-black-front-63b56651d6dd7.jpg","datePublished":"2023-01-04T11:43:25+00:00","dateModified":"2024-06-28T02:50:55+00:00","breadcrumb":{"@id":"https:\/\/shop.outerringmmo.com\/es\/producto\/sudadera-outer-ring\/#breadcrumb"},"inLanguage":"es","potentialAction":[{"@type":"ReadAction","target":["https:\/\/shop.outerringmmo.com\/es\/producto\/sudadera-outer-ring\/"]}]},{"@type":"ImageObject","inLanguage":"es","@id":"https:\/\/shop.outerringmmo.com\/es\/producto\/sudadera-outer-ring\/#primaryimage","url":"https:\/\/shop.outerringmmo.com\/wp-content\/uploads\/2023\/01\/unisex-premium-hoodie-black-front-63b56651d6dd7.jpg","contentUrl":"https:\/\/shop.outerringmmo.com\/wp-content\/uploads\/2023\/01\/unisex-premium-hoodie-black-front-63b56651d6dd7.jpg","width":2000,"height":2000},{"@type":"BreadcrumbList","@id":"https:\/\/shop.outerringmmo.com\/es\/producto\/sudadera-outer-ring\/#breadcrumb","itemListElement":[{"@type":"ListItem","position":1,"name":"Inicio","item":"https:\/\/shop.outerringmmo.com\/es\/"},{"@type":"ListItem","position":2,"name":"Tienda","item":"https:\/\/shop.outerringmmo.com\/es\/tienda\/"},{"@type":"ListItem","position":3,"name":"SUDADERA OUTER RING"}]},{"@type":"WebSite","@id":"https:\/\/shop.outerringmmo.com\/es\/#website","url":"https:\/\/shop.outerringmmo.com\/es\/","name":"Outer Ring MMO Shop","description":"Videogame as a lifestyle","publisher":{"@id":"https:\/\/shop.outerringmmo.com\/es\/#organization"},"potentialAction":[{"@type":"SearchAction","target":{"@type":"EntryPoint","urlTemplate":"https:\/\/shop.outerringmmo.com\/es\/?s={search_term_string}"},"query-input":{"@type":"PropertyValueSpecification","valueRequired":true,"valueName":"search_term_string"}}],"inLanguage":"es"},{"@type":"Organization","@id":"https:\/\/shop.outerringmmo.com\/es\/#organization","name":"Outer Ring MMO Shop","alternateName":"Maniac Panda Games","url":"https:\/\/shop.outerringmmo.com\/es\/","logo":{"@type":"ImageObject","inLanguage":"es","@id":"https:\/\/shop.outerringmmo.com\/es\/#\/schema\/logo\/image\/","url":"https:\/\/shop.outerringmmo.com\/wp-content\/uploads\/2020\/04\/favicon.png","contentUrl":"https:\/\/shop.outerringmmo.com\/wp-content\/uploads\/2020\/04\/favicon.png","width":512,"height":512,"caption":"Outer Ring MMO Shop"},"image":{"@id":"https:\/\/shop.outerringmmo.com\/es\/#\/schema\/logo\/image\/"}}]}},"_links":{"self":[{"href":"https:\/\/shop.outerringmmo.com\/es\/wp-json\/wp\/v2\/product\/7591","targetHints":{"allow":["GET"]}}],"collection":[{"href":"https:\/\/shop.outerringmmo.com\/es\/wp-json\/wp\/v2\/product"}],"about":[{"href":"https:\/\/shop.outerringmmo.com\/es\/wp-json\/wp\/v2\/types\/product"}],"replies":[{"embeddable":true,"href":"https:\/\/shop.outerringmmo.com\/es\/wp-json\/wp\/v2\/comments?post=7591"}],"wp:featuredmedia":[{"embeddable":true,"href":"https:\/\/shop.outerringmmo.com\/es\/wp-json\/wp\/v2\/media\/7101"}],"wp:attachment":[{"href":"https:\/\/shop.outerringmmo.com\/es\/wp-json\/wp\/v2\/media?parent=7591"}],"wp:term":[{"taxonomy":"product_brand","embeddable":true,"href":"https:\/\/shop.outerringmmo.com\/es\/wp-json\/wp\/v2\/product_brand?post=7591"},{"taxonomy":"product_cat","embeddable":true,"href":"https:\/\/shop.outerringmmo.com\/es\/wp-json\/wp\/v2\/product_cat?post=7591"},{"taxonomy":"product_tag","embeddable":true,"href":"https:\/\/shop.outerringmmo.com\/es\/wp-json\/wp\/v2\/product_tag?post=7591"}],"curies":[{"name":"wp","href":"https:\/\/api.w.org\/{rel}","templated":true}]}}