{"id":7616,"date":"2023-01-04T12:54:16","date_gmt":"2023-01-04T11:54:16","guid":{"rendered":"https:\/\/shop.outerringmmo.com\/product\/taza-outer-ring\/"},"modified":"2024-11-08T15:56:15","modified_gmt":"2024-11-08T14:56:15","slug":"taza-outer-ring","status":"publish","type":"product","link":"https:\/\/shop.outerringmmo.com\/es\/producto\/taza-outer-ring\/","title":{"rendered":"TAZA OUTER RING"},"content":{"rendered":"<p><span style=\"font-weight: 400;\">!Lleva Outer Ring a tu caf\u00e9 matutino! El lugar m\u00e1s lejano de la galaxia donde yacen los sistemas y mundos por descubrir, as\u00ed como sus evolucionadas y antiguas especies alien\u00edgenas cuya disposici\u00f3n e intenciones a\u00fan se desconocen&#8230;\u00a0<\/span><\/p>\n<p>&nbsp;<\/p>\n<p><span style=\"font-weight: 400;\">Prep\u00e1rate para explorar lo inexplorado, nos vemos en el Outer Ring.<\/span><\/p>\n<p>&nbsp;<\/p>\n<p><span style=\"font-weight: 400;\">CARACTER\u00cdSTICAS<\/span><\/p>\n<ul>\n<li><span style=\"font-weight: 400;\"> Ceramic<\/span><\/li>\n<li><span style=\"font-weight: 400;\"> 11 oz mug dimensions: 3.85\u2033 (9.8 cm) in height, 3.35\u2033 (8.5 cm) in diameter<\/span><\/li>\n<li><span style=\"font-weight: 400;\"> Dishwasher and microwave safe<\/span><\/li>\n<li><span style=\"font-weight: 400;\"> Blank product sourced from China<\/span><\/li>\n<\/ul>\n","protected":false},"excerpt":{"rendered":"<p>!Lleva Outer Ring a tu caf\u00e9 matutino! El lugar m\u00e1s lejano de la galaxia donde yacen los sistemas y mundos por descubrir, as\u00ed como sus evolucionadas y antiguas especies alien\u00edgenas cuya disposici\u00f3n e intenciones a\u00fan se desconocen&#8230;\u00a0 &nbsp; Prep\u00e1rate para explorar lo inexplorado, nos vemos en el Outer Ring. &nbsp; CARACTER\u00cdSTICAS Ceramic 11 oz mug [&hellip;]<\/p>\n","protected":false},"featured_media":7118,"comment_status":"open","ping_status":"closed","template":"","meta":[],"product_brand":[],"product_cat":[61,94],"product_tag":[],"class_list":{"0":"post-7616","1":"product","2":"type-product","3":"status-publish","4":"has-post-thumbnail","6":"product_cat-accesorios","7":"product_cat-tazas","9":"first","10":"instock","11":"taxable","12":"shipping-taxable","13":"purchasable","14":"product-type-simple"},"yoast_head":"<!-- This site is optimized with the Yoast SEO plugin v24.8.1 - https:\/\/yoast.com\/wordpress\/plugins\/seo\/ -->\n<title>TAZA OUTER RING - Outer Ring MMO Shop<\/title>\n<meta name=\"robots\" content=\"index, follow, max-snippet:-1, max-image-preview:large, max-video-preview:-1\" \/>\n<link rel=\"canonical\" href=\"https:\/\/shop.outerringmmo.com\/es\/producto\/taza-outer-ring\/\" \/>\n<meta property=\"og:locale\" content=\"es_ES\" \/>\n<meta property=\"og:type\" content=\"article\" \/>\n<meta property=\"og:title\" content=\"TAZA OUTER RING - Outer Ring MMO Shop\" \/>\n<meta property=\"og:description\" content=\"!Lleva Outer Ring a tu caf\u00e9 matutino! El lugar m\u00e1s lejano de la galaxia donde yacen los sistemas y mundos por descubrir, as\u00ed como sus evolucionadas y antiguas especies alien\u00edgenas cuya disposici\u00f3n e intenciones a\u00fan se desconocen&#8230;\u00a0 &nbsp; Prep\u00e1rate para explorar lo inexplorado, nos vemos en el Outer Ring. &nbsp; CARACTER\u00cdSTICAS Ceramic 11 oz mug [&hellip;]\" \/>\n<meta property=\"og:url\" content=\"https:\/\/shop.outerringmmo.com\/es\/producto\/taza-outer-ring\/\" \/>\n<meta property=\"og:site_name\" content=\"Outer Ring MMO Shop\" \/>\n<meta property=\"article:modified_time\" content=\"2024-11-08T14:56:15+00:00\" \/>\n<meta property=\"og:image\" content=\"https:\/\/shop.outerringmmo.com\/wp-content\/uploads\/2023\/01\/white-glossy-mug-11oz-front-view-63b568e26978a.jpg\" \/>\n\t<meta property=\"og:image:width\" content=\"2000\" \/>\n\t<meta property=\"og:image:height\" content=\"2000\" \/>\n\t<meta property=\"og:image:type\" content=\"image\/jpeg\" \/>\n<meta name=\"twitter:card\" content=\"summary_large_image\" \/>\n<script type=\"application\/ld+json\" class=\"yoast-schema-graph\">{\"@context\":\"https:\/\/schema.org\",\"@graph\":[{\"@type\":\"WebPage\",\"@id\":\"https:\/\/shop.outerringmmo.com\/es\/producto\/taza-outer-ring\/\",\"url\":\"https:\/\/shop.outerringmmo.com\/es\/producto\/taza-outer-ring\/\",\"name\":\"TAZA OUTER RING - Outer Ring MMO Shop\",\"isPartOf\":{\"@id\":\"https:\/\/shop.outerringmmo.com\/es\/#website\"},\"primaryImageOfPage\":{\"@id\":\"https:\/\/shop.outerringmmo.com\/es\/producto\/taza-outer-ring\/#primaryimage\"},\"image\":{\"@id\":\"https:\/\/shop.outerringmmo.com\/es\/producto\/taza-outer-ring\/#primaryimage\"},\"thumbnailUrl\":\"https:\/\/shop.outerringmmo.com\/wp-content\/uploads\/2023\/01\/white-glossy-mug-11oz-front-view-63b568e26978a.jpg\",\"datePublished\":\"2023-01-04T11:54:16+00:00\",\"dateModified\":\"2024-11-08T14:56:15+00:00\",\"breadcrumb\":{\"@id\":\"https:\/\/shop.outerringmmo.com\/es\/producto\/taza-outer-ring\/#breadcrumb\"},\"inLanguage\":\"es\",\"potentialAction\":[{\"@type\":\"ReadAction\",\"target\":[\"https:\/\/shop.outerringmmo.com\/es\/producto\/taza-outer-ring\/\"]}]},{\"@type\":\"ImageObject\",\"inLanguage\":\"es\",\"@id\":\"https:\/\/shop.outerringmmo.com\/es\/producto\/taza-outer-ring\/#primaryimage\",\"url\":\"https:\/\/shop.outerringmmo.com\/wp-content\/uploads\/2023\/01\/white-glossy-mug-11oz-front-view-63b568e26978a.jpg\",\"contentUrl\":\"https:\/\/shop.outerringmmo.com\/wp-content\/uploads\/2023\/01\/white-glossy-mug-11oz-front-view-63b568e26978a.jpg\",\"width\":2000,\"height\":2000},{\"@type\":\"BreadcrumbList\",\"@id\":\"https:\/\/shop.outerringmmo.com\/es\/producto\/taza-outer-ring\/#breadcrumb\",\"itemListElement\":[{\"@type\":\"ListItem\",\"position\":1,\"name\":\"Inicio\",\"item\":\"https:\/\/shop.outerringmmo.com\/es\/\"},{\"@type\":\"ListItem\",\"position\":2,\"name\":\"Tienda\",\"item\":\"https:\/\/shop.outerringmmo.com\/es\/tienda\/\"},{\"@type\":\"ListItem\",\"position\":3,\"name\":\"TAZA OUTER RING\"}]},{\"@type\":\"WebSite\",\"@id\":\"https:\/\/shop.outerringmmo.com\/es\/#website\",\"url\":\"https:\/\/shop.outerringmmo.com\/es\/\",\"name\":\"Outer Ring MMO Shop\",\"description\":\"Videogame as a lifestyle\",\"publisher\":{\"@id\":\"https:\/\/shop.outerringmmo.com\/es\/#organization\"},\"potentialAction\":[{\"@type\":\"SearchAction\",\"target\":{\"@type\":\"EntryPoint\",\"urlTemplate\":\"https:\/\/shop.outerringmmo.com\/es\/?s={search_term_string}\"},\"query-input\":{\"@type\":\"PropertyValueSpecification\",\"valueRequired\":true,\"valueName\":\"search_term_string\"}}],\"inLanguage\":\"es\"},{\"@type\":\"Organization\",\"@id\":\"https:\/\/shop.outerringmmo.com\/es\/#organization\",\"name\":\"Outer Ring MMO Shop\",\"alternateName\":\"Maniac Panda Games\",\"url\":\"https:\/\/shop.outerringmmo.com\/es\/\",\"logo\":{\"@type\":\"ImageObject\",\"inLanguage\":\"es\",\"@id\":\"https:\/\/shop.outerringmmo.com\/es\/#\/schema\/logo\/image\/\",\"url\":\"https:\/\/shop.outerringmmo.com\/wp-content\/uploads\/2020\/04\/favicon.png\",\"contentUrl\":\"https:\/\/shop.outerringmmo.com\/wp-content\/uploads\/2020\/04\/favicon.png\",\"width\":512,\"height\":512,\"caption\":\"Outer Ring MMO Shop\"},\"image\":{\"@id\":\"https:\/\/shop.outerringmmo.com\/es\/#\/schema\/logo\/image\/\"}}]}<\/script>\n<!-- \/ Yoast SEO plugin. -->","yoast_head_json":{"title":"TAZA OUTER RING - Outer Ring MMO Shop","robots":{"index":"index","follow":"follow","max-snippet":"max-snippet:-1","max-image-preview":"max-image-preview:large","max-video-preview":"max-video-preview:-1"},"canonical":"https:\/\/shop.outerringmmo.com\/es\/producto\/taza-outer-ring\/","og_locale":"es_ES","og_type":"article","og_title":"TAZA OUTER RING - Outer Ring MMO Shop","og_description":"!Lleva Outer Ring a tu caf\u00e9 matutino! El lugar m\u00e1s lejano de la galaxia donde yacen los sistemas y mundos por descubrir, as\u00ed como sus evolucionadas y antiguas especies alien\u00edgenas cuya disposici\u00f3n e intenciones a\u00fan se desconocen&#8230;\u00a0 &nbsp; Prep\u00e1rate para explorar lo inexplorado, nos vemos en el Outer Ring. &nbsp; CARACTER\u00cdSTICAS Ceramic 11 oz mug [&hellip;]","og_url":"https:\/\/shop.outerringmmo.com\/es\/producto\/taza-outer-ring\/","og_site_name":"Outer Ring MMO Shop","article_modified_time":"2024-11-08T14:56:15+00:00","og_image":[{"width":2000,"height":2000,"url":"https:\/\/shop.outerringmmo.com\/wp-content\/uploads\/2023\/01\/white-glossy-mug-11oz-front-view-63b568e26978a.jpg","type":"image\/jpeg"}],"twitter_card":"summary_large_image","schema":{"@context":"https:\/\/schema.org","@graph":[{"@type":"WebPage","@id":"https:\/\/shop.outerringmmo.com\/es\/producto\/taza-outer-ring\/","url":"https:\/\/shop.outerringmmo.com\/es\/producto\/taza-outer-ring\/","name":"TAZA OUTER RING - Outer Ring MMO Shop","isPartOf":{"@id":"https:\/\/shop.outerringmmo.com\/es\/#website"},"primaryImageOfPage":{"@id":"https:\/\/shop.outerringmmo.com\/es\/producto\/taza-outer-ring\/#primaryimage"},"image":{"@id":"https:\/\/shop.outerringmmo.com\/es\/producto\/taza-outer-ring\/#primaryimage"},"thumbnailUrl":"https:\/\/shop.outerringmmo.com\/wp-content\/uploads\/2023\/01\/white-glossy-mug-11oz-front-view-63b568e26978a.jpg","datePublished":"2023-01-04T11:54:16+00:00","dateModified":"2024-11-08T14:56:15+00:00","breadcrumb":{"@id":"https:\/\/shop.outerringmmo.com\/es\/producto\/taza-outer-ring\/#breadcrumb"},"inLanguage":"es","potentialAction":[{"@type":"ReadAction","target":["https:\/\/shop.outerringmmo.com\/es\/producto\/taza-outer-ring\/"]}]},{"@type":"ImageObject","inLanguage":"es","@id":"https:\/\/shop.outerringmmo.com\/es\/producto\/taza-outer-ring\/#primaryimage","url":"https:\/\/shop.outerringmmo.com\/wp-content\/uploads\/2023\/01\/white-glossy-mug-11oz-front-view-63b568e26978a.jpg","contentUrl":"https:\/\/shop.outerringmmo.com\/wp-content\/uploads\/2023\/01\/white-glossy-mug-11oz-front-view-63b568e26978a.jpg","width":2000,"height":2000},{"@type":"BreadcrumbList","@id":"https:\/\/shop.outerringmmo.com\/es\/producto\/taza-outer-ring\/#breadcrumb","itemListElement":[{"@type":"ListItem","position":1,"name":"Inicio","item":"https:\/\/shop.outerringmmo.com\/es\/"},{"@type":"ListItem","position":2,"name":"Tienda","item":"https:\/\/shop.outerringmmo.com\/es\/tienda\/"},{"@type":"ListItem","position":3,"name":"TAZA OUTER RING"}]},{"@type":"WebSite","@id":"https:\/\/shop.outerringmmo.com\/es\/#website","url":"https:\/\/shop.outerringmmo.com\/es\/","name":"Outer Ring MMO Shop","description":"Videogame as a lifestyle","publisher":{"@id":"https:\/\/shop.outerringmmo.com\/es\/#organization"},"potentialAction":[{"@type":"SearchAction","target":{"@type":"EntryPoint","urlTemplate":"https:\/\/shop.outerringmmo.com\/es\/?s={search_term_string}"},"query-input":{"@type":"PropertyValueSpecification","valueRequired":true,"valueName":"search_term_string"}}],"inLanguage":"es"},{"@type":"Organization","@id":"https:\/\/shop.outerringmmo.com\/es\/#organization","name":"Outer Ring MMO Shop","alternateName":"Maniac Panda Games","url":"https:\/\/shop.outerringmmo.com\/es\/","logo":{"@type":"ImageObject","inLanguage":"es","@id":"https:\/\/shop.outerringmmo.com\/es\/#\/schema\/logo\/image\/","url":"https:\/\/shop.outerringmmo.com\/wp-content\/uploads\/2020\/04\/favicon.png","contentUrl":"https:\/\/shop.outerringmmo.com\/wp-content\/uploads\/2020\/04\/favicon.png","width":512,"height":512,"caption":"Outer Ring MMO Shop"},"image":{"@id":"https:\/\/shop.outerringmmo.com\/es\/#\/schema\/logo\/image\/"}}]}},"_links":{"self":[{"href":"https:\/\/shop.outerringmmo.com\/es\/wp-json\/wp\/v2\/product\/7616","targetHints":{"allow":["GET"]}}],"collection":[{"href":"https:\/\/shop.outerringmmo.com\/es\/wp-json\/wp\/v2\/product"}],"about":[{"href":"https:\/\/shop.outerringmmo.com\/es\/wp-json\/wp\/v2\/types\/product"}],"replies":[{"embeddable":true,"href":"https:\/\/shop.outerringmmo.com\/es\/wp-json\/wp\/v2\/comments?post=7616"}],"wp:featuredmedia":[{"embeddable":true,"href":"https:\/\/shop.outerringmmo.com\/es\/wp-json\/wp\/v2\/media\/7118"}],"wp:attachment":[{"href":"https:\/\/shop.outerringmmo.com\/es\/wp-json\/wp\/v2\/media?parent=7616"}],"wp:term":[{"taxonomy":"product_brand","embeddable":true,"href":"https:\/\/shop.outerringmmo.com\/es\/wp-json\/wp\/v2\/product_brand?post=7616"},{"taxonomy":"product_cat","embeddable":true,"href":"https:\/\/shop.outerringmmo.com\/es\/wp-json\/wp\/v2\/product_cat?post=7616"},{"taxonomy":"product_tag","embeddable":true,"href":"https:\/\/shop.outerringmmo.com\/es\/wp-json\/wp\/v2\/product_tag?post=7616"}],"curies":[{"name":"wp","href":"https:\/\/api.w.org\/{rel}","templated":true}]}}